{"id":9371,"date":"2025-07-08T15:18:12","date_gmt":"2025-07-08T14:18:12","guid":{"rendered":"https:\/\/silenthome.com\/?post_type=product&#038;p=9371"},"modified":"2026-04-01T23:59:54","modified_gmt":"2026-04-01T22:59:54","slug":"simon-poltrona-azul-claro","status":"publish","type":"product","link":"https:\/\/silenthome.com\/es\/producto\/simon-poltrona-azul-claro\/","title":{"rendered":"SILL\u00d3N SIMON AZUL CLARO"},"content":{"rendered":"","protected":false},"excerpt":{"rendered":"<p>El sill\u00f3n Simon es una obra maestra de\u00a0<strong>elegancia<\/strong>\u00a0e\u00a0<strong>confort<\/strong>. Con su dise\u00f1o atemporal y su s\u00f3lida estructura, este sill\u00f3n es el complemento perfecto para cualquier espacio. La tapicer\u00eda ofrece un <strong>lujoso al tacto<\/strong>Su original forma aporta el m\u00e1ximo confort y personalidad a su hogar. Ideal para relajarse con un buen libro o disfrutar de una agradable conversaci\u00f3n, el sill\u00f3n Simon es una invitaci\u00f3n irresistible a\u00a0<strong>irreverencia<\/strong>\u00a0y\u00a0<strong>bienestar<\/strong>.<\/p>","protected":false},"featured_media":10027,"comment_status":"open","ping_status":"closed","template":"","meta":{"_acf_changed":false},"product_brand":[],"product_cat":[69],"product_tag":[],"class_list":{"0":"post-9371","1":"product","2":"type-product","3":"status-publish","4":"has-post-thumbnail","6":"product_cat-poltronas","8":"first","9":"instock","10":"taxable","11":"shipping-taxable","12":"purchasable","13":"product-type-simple"},"acf":[],"aioseo_notices":[],"_links":{"self":[{"href":"https:\/\/silenthome.com\/es\/wp-json\/wp\/v2\/product\/9371","targetHints":{"allow":["GET"]}}],"collection":[{"href":"https:\/\/silenthome.com\/es\/wp-json\/wp\/v2\/product"}],"about":[{"href":"https:\/\/silenthome.com\/es\/wp-json\/wp\/v2\/types\/product"}],"replies":[{"embeddable":true,"href":"https:\/\/silenthome.com\/es\/wp-json\/wp\/v2\/comments?post=9371"}],"wp:featuredmedia":[{"embeddable":true,"href":"https:\/\/silenthome.com\/es\/wp-json\/wp\/v2\/media\/10027"}],"wp:attachment":[{"href":"https:\/\/silenthome.com\/es\/wp-json\/wp\/v2\/media?parent=9371"}],"wp:term":[{"taxonomy":"product_brand","embeddable":true,"href":"https:\/\/silenthome.com\/es\/wp-json\/wp\/v2\/product_brand?post=9371"},{"taxonomy":"product_cat","embeddable":true,"href":"https:\/\/silenthome.com\/es\/wp-json\/wp\/v2\/product_cat?post=9371"},{"taxonomy":"product_tag","embeddable":true,"href":"https:\/\/silenthome.com\/es\/wp-json\/wp\/v2\/product_tag?post=9371"}],"curies":[{"name":"wp","href":"https:\/\/api.w.org\/{rel}","templated":true}]}}