{"id":9351,"date":"2025-07-02T16:35:05","date_gmt":"2025-07-02T15:35:05","guid":{"rendered":"https:\/\/silenthome.com\/produto\/arena-individual-bege\/"},"modified":"2025-11-20T17:20:17","modified_gmt":"2025-11-20T17:20:17","slug":"arena-individual-bege","status":"publish","type":"product","link":"https:\/\/silenthome.com\/es\/producto\/arena-individual-bege\/","title":{"rendered":"ARENA, BEIGE INDIVIDUAL"},"content":{"rendered":"","protected":false},"excerpt":{"rendered":"<p>Aporte naturalidad y encanto a su mesa con este mantel individual redondo con textura de paja. Ideal para proteger la superficie y realzar la presentaci\u00f3n de las comidas, combina f\u00e1cilmente con diferentes estilos de decoraci\u00f3n, desde r\u00fastico a contempor\u00e1neo.<\/p>","protected":false},"featured_media":9461,"comment_status":"open","ping_status":"closed","template":"","meta":{"_acf_changed":false},"product_brand":[],"product_cat":[124],"product_tag":[],"class_list":{"0":"post-9351","1":"product","2":"type-product","3":"status-publish","4":"has-post-thumbnail","6":"product_cat-loica-de-mesa","8":"first","9":"instock","10":"taxable","11":"shipping-taxable","12":"purchasable","13":"product-type-simple"},"acf":[],"aioseo_notices":[],"_links":{"self":[{"href":"https:\/\/silenthome.com\/es\/wp-json\/wp\/v2\/product\/9351","targetHints":{"allow":["GET"]}}],"collection":[{"href":"https:\/\/silenthome.com\/es\/wp-json\/wp\/v2\/product"}],"about":[{"href":"https:\/\/silenthome.com\/es\/wp-json\/wp\/v2\/types\/product"}],"replies":[{"embeddable":true,"href":"https:\/\/silenthome.com\/es\/wp-json\/wp\/v2\/comments?post=9351"}],"wp:featuredmedia":[{"embeddable":true,"href":"https:\/\/silenthome.com\/es\/wp-json\/wp\/v2\/media\/9461"}],"wp:attachment":[{"href":"https:\/\/silenthome.com\/es\/wp-json\/wp\/v2\/media?parent=9351"}],"wp:term":[{"taxonomy":"product_brand","embeddable":true,"href":"https:\/\/silenthome.com\/es\/wp-json\/wp\/v2\/product_brand?post=9351"},{"taxonomy":"product_cat","embeddable":true,"href":"https:\/\/silenthome.com\/es\/wp-json\/wp\/v2\/product_cat?post=9351"},{"taxonomy":"product_tag","embeddable":true,"href":"https:\/\/silenthome.com\/es\/wp-json\/wp\/v2\/product_tag?post=9351"}],"curies":[{"name":"wp","href":"https:\/\/api.w.org\/{rel}","templated":true}]}}