{"id":9340,"date":"2025-07-02T16:29:02","date_gmt":"2025-07-02T15:29:02","guid":{"rendered":"https:\/\/silenthome.com\/produto\/banco-com-corte-a-laser-preto\/"},"modified":"2026-04-16T15:52:29","modified_gmt":"2026-04-16T14:52:29","slug":"banco-com-corte-a-laser-preto","status":"publish","type":"product","link":"https:\/\/silenthome.com\/es\/producto\/banco-com-corte-a-laser-preto\/","title":{"rendered":"TABURETE NEGRO CORTADO A L\u00c1SER"},"content":{"rendered":"","protected":false},"excerpt":{"rendered":"<p>Este taburete tiene un dise\u00f1o cortado a l\u00e1ser y est\u00e1 revestido de ecopiel negra. Ideal para colocarlo en la entrada de casa o en el dormitorio, a\u00f1adiendo un toque de estilo a cualquier habitaci\u00f3n. Con su estructura robusta y distintiva, es un complemento vers\u00e1til.<\/p>","protected":false},"featured_media":9739,"comment_status":"open","ping_status":"closed","template":"","meta":{"_acf_changed":false},"product_brand":[],"product_cat":[70],"product_tag":[],"class_list":{"0":"post-9340","1":"product","2":"type-product","3":"status-publish","4":"has-post-thumbnail","6":"product_cat-bancos","8":"first","9":"instock","10":"taxable","11":"shipping-taxable","12":"purchasable","13":"product-type-simple"},"acf":[],"aioseo_notices":[],"_links":{"self":[{"href":"https:\/\/silenthome.com\/es\/wp-json\/wp\/v2\/product\/9340","targetHints":{"allow":["GET"]}}],"collection":[{"href":"https:\/\/silenthome.com\/es\/wp-json\/wp\/v2\/product"}],"about":[{"href":"https:\/\/silenthome.com\/es\/wp-json\/wp\/v2\/types\/product"}],"replies":[{"embeddable":true,"href":"https:\/\/silenthome.com\/es\/wp-json\/wp\/v2\/comments?post=9340"}],"wp:featuredmedia":[{"embeddable":true,"href":"https:\/\/silenthome.com\/es\/wp-json\/wp\/v2\/media\/9739"}],"wp:attachment":[{"href":"https:\/\/silenthome.com\/es\/wp-json\/wp\/v2\/media?parent=9340"}],"wp:term":[{"taxonomy":"product_brand","embeddable":true,"href":"https:\/\/silenthome.com\/es\/wp-json\/wp\/v2\/product_brand?post=9340"},{"taxonomy":"product_cat","embeddable":true,"href":"https:\/\/silenthome.com\/es\/wp-json\/wp\/v2\/product_cat?post=9340"},{"taxonomy":"product_tag","embeddable":true,"href":"https:\/\/silenthome.com\/es\/wp-json\/wp\/v2\/product_tag?post=9340"}],"curies":[{"name":"wp","href":"https:\/\/api.w.org\/{rel}","templated":true}]}}