{"id":9335,"date":"2025-07-02T16:29:00","date_gmt":"2025-07-02T15:29:00","guid":{"rendered":"https:\/\/silenthome.com\/produto\/estatua-manequim-sentada\/"},"modified":"2026-02-13T11:32:09","modified_gmt":"2026-02-13T11:32:09","slug":"estatua-manequim-sentada-grand","status":"publish","type":"product","link":"https:\/\/silenthome.com\/es\/producto\/estatua-manequim-sentada-grand\/","title":{"rendered":"GRAN ESTATUA MANIQU\u00cd SENTADO"},"content":{"rendered":"","protected":false},"excerpt":{"rendered":"<p>La Estatua de Maniqu\u00ed Sentado con Efecto Met\u00e1lico est\u00e1 hecha de fibra de vidrio con un acabado plateado met\u00e1lico. Con la figura de una elegante silueta sentada, esta estatua es ideal para decorar estanter\u00edas, mesas de centro o cualquier espacio que necesite un toque de arte contempor\u00e1neo.<\/p>","protected":false},"featured_media":9429,"comment_status":"open","ping_status":"closed","template":"","meta":{"_acf_changed":false},"product_brand":[],"product_cat":[73,74],"product_tag":[],"class_list":{"0":"post-9335","1":"product","2":"type-product","3":"status-publish","4":"has-post-thumbnail","6":"product_cat-decoracao","7":"product_cat-objectos-decorativos","9":"first","10":"instock","11":"taxable","12":"shipping-taxable","13":"purchasable","14":"product-type-simple"},"acf":[],"aioseo_notices":[],"_links":{"self":[{"href":"https:\/\/silenthome.com\/es\/wp-json\/wp\/v2\/product\/9335","targetHints":{"allow":["GET"]}}],"collection":[{"href":"https:\/\/silenthome.com\/es\/wp-json\/wp\/v2\/product"}],"about":[{"href":"https:\/\/silenthome.com\/es\/wp-json\/wp\/v2\/types\/product"}],"replies":[{"embeddable":true,"href":"https:\/\/silenthome.com\/es\/wp-json\/wp\/v2\/comments?post=9335"}],"wp:featuredmedia":[{"embeddable":true,"href":"https:\/\/silenthome.com\/es\/wp-json\/wp\/v2\/media\/9429"}],"wp:attachment":[{"href":"https:\/\/silenthome.com\/es\/wp-json\/wp\/v2\/media?parent=9335"}],"wp:term":[{"taxonomy":"product_brand","embeddable":true,"href":"https:\/\/silenthome.com\/es\/wp-json\/wp\/v2\/product_brand?post=9335"},{"taxonomy":"product_cat","embeddable":true,"href":"https:\/\/silenthome.com\/es\/wp-json\/wp\/v2\/product_cat?post=9335"},{"taxonomy":"product_tag","embeddable":true,"href":"https:\/\/silenthome.com\/es\/wp-json\/wp\/v2\/product_tag?post=9335"}],"curies":[{"name":"wp","href":"https:\/\/api.w.org\/{rel}","templated":true}]}}