{"id":9319,"date":"2025-07-02T16:28:53","date_gmt":"2025-07-02T15:28:53","guid":{"rendered":"https:\/\/silenthome.com\/produto\/once-upon-a-time-candeeiro-de-mesa-grande\/"},"modified":"2026-04-01T17:40:41","modified_gmt":"2026-04-01T16:40:41","slug":"once-upon-a-time-candeeiro-de-mesa-grande","status":"publish","type":"product","link":"https:\/\/silenthome.com\/es\/producto\/once-upon-a-time-candeeiro-de-mesa-grande\/","title":{"rendered":"\u00c9RASE UNA VEZ, GRAN L\u00c1MPARA DE MESA"},"content":{"rendered":"","protected":false},"excerpt":{"rendered":"<p>Esta l\u00e1mpara es una pieza original que combina funcionalidad y creatividad. Con un dise\u00f1o sorprendente en forma de libro abierto, la luz emana delicadamente de las \"p\u00e1ginas\", creando un efecto encantador. Perfecta para salas de lectura, mesillas de noche o como elemento decorativo, esta l\u00e1mpara aporta un toque de magia y personalidad a un espacio. Ideal para quienes aprecian el dise\u00f1o innovador y un toque literario.<\/p>","protected":false},"featured_media":9457,"comment_status":"open","ping_status":"closed","template":"","meta":{"_acf_changed":false},"product_brand":[],"product_cat":[67],"product_tag":[],"class_list":{"0":"post-9319","1":"product","2":"type-product","3":"status-publish","4":"has-post-thumbnail","6":"product_cat-candeeiros-de-mesa","8":"first","9":"instock","10":"taxable","11":"shipping-taxable","12":"purchasable","13":"product-type-simple"},"acf":[],"aioseo_notices":[],"_links":{"self":[{"href":"https:\/\/silenthome.com\/es\/wp-json\/wp\/v2\/product\/9319","targetHints":{"allow":["GET"]}}],"collection":[{"href":"https:\/\/silenthome.com\/es\/wp-json\/wp\/v2\/product"}],"about":[{"href":"https:\/\/silenthome.com\/es\/wp-json\/wp\/v2\/types\/product"}],"replies":[{"embeddable":true,"href":"https:\/\/silenthome.com\/es\/wp-json\/wp\/v2\/comments?post=9319"}],"wp:featuredmedia":[{"embeddable":true,"href":"https:\/\/silenthome.com\/es\/wp-json\/wp\/v2\/media\/9457"}],"wp:attachment":[{"href":"https:\/\/silenthome.com\/es\/wp-json\/wp\/v2\/media?parent=9319"}],"wp:term":[{"taxonomy":"product_brand","embeddable":true,"href":"https:\/\/silenthome.com\/es\/wp-json\/wp\/v2\/product_brand?post=9319"},{"taxonomy":"product_cat","embeddable":true,"href":"https:\/\/silenthome.com\/es\/wp-json\/wp\/v2\/product_cat?post=9319"},{"taxonomy":"product_tag","embeddable":true,"href":"https:\/\/silenthome.com\/es\/wp-json\/wp\/v2\/product_tag?post=9319"}],"curies":[{"name":"wp","href":"https:\/\/api.w.org\/{rel}","templated":true}]}}