{"id":9318,"date":"2025-07-02T16:28:52","date_gmt":"2025-07-02T15:28:52","guid":{"rendered":"https:\/\/silenthome.com\/produto\/rise-candeeiro-de-mesa-em-vidro-verde\/"},"modified":"2026-04-28T12:07:29","modified_gmt":"2026-04-28T11:07:29","slug":"rise-candeeiro-de-mesa-em-vidro-verde","status":"publish","type":"product","link":"https:\/\/silenthome.com\/es\/producto\/rise-candeeiro-de-mesa-em-vidro-verde\/","title":{"rendered":"RISE, L\u00c1MPARA DE MESA DE CRISTAL VERDE"},"content":{"rendered":"","protected":false},"excerpt":{"rendered":"<p>Esta l\u00e1mpara de sobremesa es una pieza ic\u00f3nica que combina el dise\u00f1o contempor\u00e1neo con la elegancia del cristal. Con una forma inspirada en la silueta de una seta, presenta l\u00edneas suaves y curvas armoniosas que aportan un toque escultural y delicado a cualquier estancia.<br \/>\nM\u00e1s que una fuente de luz, esta l\u00e1mpara es un elemento decorativo que aporta estilo, personalidad y encanto a cualquier espacio.<\/p>","protected":false},"featured_media":9450,"comment_status":"open","ping_status":"closed","template":"","meta":{"_acf_changed":false},"product_brand":[],"product_cat":[67],"product_tag":[],"class_list":{"0":"post-9318","1":"product","2":"type-product","3":"status-publish","4":"has-post-thumbnail","6":"product_cat-candeeiros-de-mesa","8":"first","9":"instock","10":"taxable","11":"shipping-taxable","12":"purchasable","13":"product-type-simple"},"acf":[],"aioseo_notices":[],"_links":{"self":[{"href":"https:\/\/silenthome.com\/es\/wp-json\/wp\/v2\/product\/9318","targetHints":{"allow":["GET"]}}],"collection":[{"href":"https:\/\/silenthome.com\/es\/wp-json\/wp\/v2\/product"}],"about":[{"href":"https:\/\/silenthome.com\/es\/wp-json\/wp\/v2\/types\/product"}],"replies":[{"embeddable":true,"href":"https:\/\/silenthome.com\/es\/wp-json\/wp\/v2\/comments?post=9318"}],"wp:featuredmedia":[{"embeddable":true,"href":"https:\/\/silenthome.com\/es\/wp-json\/wp\/v2\/media\/9450"}],"wp:attachment":[{"href":"https:\/\/silenthome.com\/es\/wp-json\/wp\/v2\/media?parent=9318"}],"wp:term":[{"taxonomy":"product_brand","embeddable":true,"href":"https:\/\/silenthome.com\/es\/wp-json\/wp\/v2\/product_brand?post=9318"},{"taxonomy":"product_cat","embeddable":true,"href":"https:\/\/silenthome.com\/es\/wp-json\/wp\/v2\/product_cat?post=9318"},{"taxonomy":"product_tag","embeddable":true,"href":"https:\/\/silenthome.com\/es\/wp-json\/wp\/v2\/product_tag?post=9318"}],"curies":[{"name":"wp","href":"https:\/\/api.w.org\/{rel}","templated":true}]}}