{"id":9312,"date":"2025-07-02T16:28:50","date_gmt":"2025-07-02T15:28:50","guid":{"rendered":"https:\/\/silenthome.com\/produto\/scenario-solo-candeeiro-de-chao\/"},"modified":"2026-04-18T17:12:18","modified_gmt":"2026-04-18T16:12:18","slug":"scenario-solo-candeeiro-de-chao-foco-colorido","status":"publish","type":"product","link":"https:\/\/silenthome.com\/es\/producto\/scenario-solo-candeeiro-de-chao-foco-colorido\/","title":{"rendered":"L\u00c1MPARA DE PIE CON FOCO DE COLOR NARANJA"},"content":{"rendered":"","protected":false},"excerpt":{"rendered":"<p>Esta l\u00e1mpara ofrece una iluminaci\u00f3n distintiva con un<strong> toque moderno<\/strong>. Con una sola fuente de luz, es ideal para crear un ambiente acogedor y elegante. Acabado en negro mate y <strong>estilo sofisticado<\/strong>es un <strong>pieza decorativa<\/strong> <strong>vers\u00e1til<\/strong> para cualquier espacio contempor\u00e1neo.<\/p>","protected":false},"featured_media":9719,"comment_status":"open","ping_status":"closed","template":"","meta":{"_acf_changed":false},"product_brand":[],"product_cat":[76],"product_tag":[],"class_list":{"0":"post-9312","1":"product","2":"type-product","3":"status-publish","4":"has-post-thumbnail","6":"product_cat-candeeiros-de-pe","8":"first","9":"instock","10":"taxable","11":"shipping-taxable","12":"purchasable","13":"product-type-simple"},"acf":[],"aioseo_notices":[],"_links":{"self":[{"href":"https:\/\/silenthome.com\/es\/wp-json\/wp\/v2\/product\/9312","targetHints":{"allow":["GET"]}}],"collection":[{"href":"https:\/\/silenthome.com\/es\/wp-json\/wp\/v2\/product"}],"about":[{"href":"https:\/\/silenthome.com\/es\/wp-json\/wp\/v2\/types\/product"}],"replies":[{"embeddable":true,"href":"https:\/\/silenthome.com\/es\/wp-json\/wp\/v2\/comments?post=9312"}],"wp:featuredmedia":[{"embeddable":true,"href":"https:\/\/silenthome.com\/es\/wp-json\/wp\/v2\/media\/9719"}],"wp:attachment":[{"href":"https:\/\/silenthome.com\/es\/wp-json\/wp\/v2\/media?parent=9312"}],"wp:term":[{"taxonomy":"product_brand","embeddable":true,"href":"https:\/\/silenthome.com\/es\/wp-json\/wp\/v2\/product_brand?post=9312"},{"taxonomy":"product_cat","embeddable":true,"href":"https:\/\/silenthome.com\/es\/wp-json\/wp\/v2\/product_cat?post=9312"},{"taxonomy":"product_tag","embeddable":true,"href":"https:\/\/silenthome.com\/es\/wp-json\/wp\/v2\/product_tag?post=9312"}],"curies":[{"name":"wp","href":"https:\/\/api.w.org\/{rel}","templated":true}]}}