{"id":9309,"date":"2025-07-02T16:28:48","date_gmt":"2025-07-02T15:28:48","guid":{"rendered":"https:\/\/silenthome.com\/produto\/paper-led-candeeiro-de-chao-drape\/"},"modified":"2026-04-01T17:37:46","modified_gmt":"2026-04-01T16:37:46","slug":"paper-led-candeeiro-de-chao-drape","status":"publish","type":"product","link":"https:\/\/silenthome.com\/es\/producto\/paper-led-candeeiro-de-chao-drape\/","title":{"rendered":"PAPEL LED, L\u00c1MPARA DE PIE"},"content":{"rendered":"","protected":false},"excerpt":{"rendered":"<p>Esta l\u00e1mpara ofrece una luz transparente \u00fanica, con dimensiones elegantes esta l\u00e1mpara de pie proporciona una iluminaci\u00f3n suave, destacando como una pieza decorativa contempor\u00e1nea. A\u00f1ada un toque de encanto a su espacio creando un ambiente acogedor e iluminado.<\/p>","protected":false},"featured_media":11227,"comment_status":"open","ping_status":"closed","template":"","meta":{"_acf_changed":false},"product_brand":[],"product_cat":[76],"product_tag":[],"class_list":{"0":"post-9309","1":"product","2":"type-product","3":"status-publish","4":"has-post-thumbnail","6":"product_cat-candeeiros-de-pe","8":"first","9":"instock","10":"taxable","11":"shipping-taxable","12":"purchasable","13":"product-type-simple"},"acf":[],"aioseo_notices":[],"_links":{"self":[{"href":"https:\/\/silenthome.com\/es\/wp-json\/wp\/v2\/product\/9309","targetHints":{"allow":["GET"]}}],"collection":[{"href":"https:\/\/silenthome.com\/es\/wp-json\/wp\/v2\/product"}],"about":[{"href":"https:\/\/silenthome.com\/es\/wp-json\/wp\/v2\/types\/product"}],"replies":[{"embeddable":true,"href":"https:\/\/silenthome.com\/es\/wp-json\/wp\/v2\/comments?post=9309"}],"wp:featuredmedia":[{"embeddable":true,"href":"https:\/\/silenthome.com\/es\/wp-json\/wp\/v2\/media\/11227"}],"wp:attachment":[{"href":"https:\/\/silenthome.com\/es\/wp-json\/wp\/v2\/media?parent=9309"}],"wp:term":[{"taxonomy":"product_brand","embeddable":true,"href":"https:\/\/silenthome.com\/es\/wp-json\/wp\/v2\/product_brand?post=9309"},{"taxonomy":"product_cat","embeddable":true,"href":"https:\/\/silenthome.com\/es\/wp-json\/wp\/v2\/product_cat?post=9309"},{"taxonomy":"product_tag","embeddable":true,"href":"https:\/\/silenthome.com\/es\/wp-json\/wp\/v2\/product_tag?post=9309"}],"curies":[{"name":"wp","href":"https:\/\/api.w.org\/{rel}","templated":true}]}}