{"id":9306,"date":"2025-07-02T16:28:47","date_gmt":"2025-07-02T15:28:47","guid":{"rendered":"https:\/\/silenthome.com\/produto\/glow-quadro-decorativo-canvas\/"},"modified":"2026-04-14T16:49:03","modified_gmt":"2026-04-14T15:49:03","slug":"glow-quadro-decorativo-canvas","status":"publish","type":"product","link":"https:\/\/silenthome.com\/es\/producto\/glow-quadro-decorativo-canvas\/","title":{"rendered":"GLOW, MARCO DECORATIVO DE LONA 80X120 cm"},"content":{"rendered":"","protected":false},"excerpt":{"rendered":"<p>El cuadro Glow es una obra de arte pintada a mano que presenta una figura de perfil con un atrevido peinado. La t\u00e9cnica impasto (pintura gruesa en relieve) confiere a la pieza textura, profundidad y movimiento. El vibrante contraste entre el rosa intenso y el fondo suave y neutro crea una composici\u00f3n moderna, irreverente y llena de actitud.<\/p>\n<p>Esta pieza puede adaptarse a diferentes ambientes -desde espacios \u00edntimos hasta grandes espacios abiertos-, lo que la convierte en una opci\u00f3n vers\u00e1til e ideal como pieza destacada en un comedor, un sal\u00f3n o un recibidor.<\/p>","protected":false},"featured_media":9774,"comment_status":"open","ping_status":"closed","template":"","meta":{"_acf_changed":false},"product_brand":[],"product_cat":[71],"product_tag":[],"class_list":{"0":"post-9306","1":"product","2":"type-product","3":"status-publish","4":"has-post-thumbnail","6":"product_cat-arte","8":"first","9":"instock","10":"taxable","11":"shipping-taxable","12":"purchasable","13":"product-type-simple"},"acf":[],"aioseo_notices":[],"_links":{"self":[{"href":"https:\/\/silenthome.com\/es\/wp-json\/wp\/v2\/product\/9306","targetHints":{"allow":["GET"]}}],"collection":[{"href":"https:\/\/silenthome.com\/es\/wp-json\/wp\/v2\/product"}],"about":[{"href":"https:\/\/silenthome.com\/es\/wp-json\/wp\/v2\/types\/product"}],"replies":[{"embeddable":true,"href":"https:\/\/silenthome.com\/es\/wp-json\/wp\/v2\/comments?post=9306"}],"wp:featuredmedia":[{"embeddable":true,"href":"https:\/\/silenthome.com\/es\/wp-json\/wp\/v2\/media\/9774"}],"wp:attachment":[{"href":"https:\/\/silenthome.com\/es\/wp-json\/wp\/v2\/media?parent=9306"}],"wp:term":[{"taxonomy":"product_brand","embeddable":true,"href":"https:\/\/silenthome.com\/es\/wp-json\/wp\/v2\/product_brand?post=9306"},{"taxonomy":"product_cat","embeddable":true,"href":"https:\/\/silenthome.com\/es\/wp-json\/wp\/v2\/product_cat?post=9306"},{"taxonomy":"product_tag","embeddable":true,"href":"https:\/\/silenthome.com\/es\/wp-json\/wp\/v2\/product_tag?post=9306"}],"curies":[{"name":"wp","href":"https:\/\/api.w.org\/{rel}","templated":true}]}}