{"id":9302,"date":"2025-07-02T16:28:45","date_gmt":"2025-07-02T15:28:45","guid":{"rendered":"https:\/\/silenthome.com\/produto\/echo-quadro-decorativo-canvas\/"},"modified":"2026-04-01T11:34:55","modified_gmt":"2026-04-01T10:34:55","slug":"echo-quadro-decorativo-canvas","status":"publish","type":"product","link":"https:\/\/silenthome.com\/es\/producto\/echo-quadro-decorativo-canvas\/","title":{"rendered":"ECHO, MARCO DECORATIVO DE LONA 60X80 cm"},"content":{"rendered":"","protected":false},"excerpt":{"rendered":"<p>Este moderno marco textil bohemio de macram\u00e9, con molduras de madera natural, es una pieza hecha a mano que aporta textura, calidez y personalidad a cualquier habitaci\u00f3n. Con sus dimensiones compactas, es ideal para a\u00f1adir un llamativo toque visual a salones, dormitorios u oficinas.<\/p>\n<p>Hecho a mano con atenci\u00f3n al detalle, este art\u00edculo a\u00f1ade profundidad y autenticidad decorativa, perfecto para quienes aprecian las piezas con alma.<\/p>","protected":false},"featured_media":9796,"comment_status":"open","ping_status":"closed","template":"","meta":{"_acf_changed":false},"product_brand":[],"product_cat":[71],"product_tag":[],"class_list":{"0":"post-9302","1":"product","2":"type-product","3":"status-publish","4":"has-post-thumbnail","6":"product_cat-arte","8":"first","9":"outofstock","10":"taxable","11":"shipping-taxable","12":"purchasable","13":"product-type-simple"},"acf":[],"aioseo_notices":[],"_links":{"self":[{"href":"https:\/\/silenthome.com\/es\/wp-json\/wp\/v2\/product\/9302","targetHints":{"allow":["GET"]}}],"collection":[{"href":"https:\/\/silenthome.com\/es\/wp-json\/wp\/v2\/product"}],"about":[{"href":"https:\/\/silenthome.com\/es\/wp-json\/wp\/v2\/types\/product"}],"replies":[{"embeddable":true,"href":"https:\/\/silenthome.com\/es\/wp-json\/wp\/v2\/comments?post=9302"}],"wp:featuredmedia":[{"embeddable":true,"href":"https:\/\/silenthome.com\/es\/wp-json\/wp\/v2\/media\/9796"}],"wp:attachment":[{"href":"https:\/\/silenthome.com\/es\/wp-json\/wp\/v2\/media?parent=9302"}],"wp:term":[{"taxonomy":"product_brand","embeddable":true,"href":"https:\/\/silenthome.com\/es\/wp-json\/wp\/v2\/product_brand?post=9302"},{"taxonomy":"product_cat","embeddable":true,"href":"https:\/\/silenthome.com\/es\/wp-json\/wp\/v2\/product_cat?post=9302"},{"taxonomy":"product_tag","embeddable":true,"href":"https:\/\/silenthome.com\/es\/wp-json\/wp\/v2\/product_tag?post=9302"}],"curies":[{"name":"wp","href":"https:\/\/api.w.org\/{rel}","templated":true}]}}