{"id":9299,"date":"2025-07-02T16:28:44","date_gmt":"2025-07-02T15:28:44","guid":{"rendered":"https:\/\/silenthome.com\/produto\/canvas-breeze-quadro-decorativo-branco\/"},"modified":"2026-04-01T11:34:18","modified_gmt":"2026-04-01T10:34:18","slug":"canvas-breeze-quadro-decorativo-branco","status":"publish","type":"product","link":"https:\/\/silenthome.com\/es\/producto\/canvas-breeze-quadro-decorativo-branco\/","title":{"rendered":"MESA DECORATIVA DE LONA BREEZE, BLANCA 80X120 cm"},"content":{"rendered":"","protected":false},"excerpt":{"rendered":"<p>Capte la fuerza y la belleza del mar con el cuadro Brisa, una imagen envolvente de olas rompiendo de frente contra la arena. Los tonos suaves y el predominio del blanco transmiten una sensaci\u00f3n de pureza y tranquilidad, perfecta para crear un ambiente sereno y luminoso.<\/p>\n<p>Ideal para salones, dormitorios o espacios de meditaci\u00f3n, este cuadro a\u00f1ade un toque natural y elegante a la decoraci\u00f3n.<\/p>","protected":false},"featured_media":9767,"comment_status":"open","ping_status":"closed","template":"","meta":{"_acf_changed":false},"product_brand":[],"product_cat":[71],"product_tag":[],"class_list":{"0":"post-9299","1":"product","2":"type-product","3":"status-publish","4":"has-post-thumbnail","6":"product_cat-arte","8":"first","9":"instock","10":"taxable","11":"shipping-taxable","12":"purchasable","13":"product-type-simple"},"acf":[],"aioseo_notices":[],"_links":{"self":[{"href":"https:\/\/silenthome.com\/es\/wp-json\/wp\/v2\/product\/9299","targetHints":{"allow":["GET"]}}],"collection":[{"href":"https:\/\/silenthome.com\/es\/wp-json\/wp\/v2\/product"}],"about":[{"href":"https:\/\/silenthome.com\/es\/wp-json\/wp\/v2\/types\/product"}],"replies":[{"embeddable":true,"href":"https:\/\/silenthome.com\/es\/wp-json\/wp\/v2\/comments?post=9299"}],"wp:featuredmedia":[{"embeddable":true,"href":"https:\/\/silenthome.com\/es\/wp-json\/wp\/v2\/media\/9767"}],"wp:attachment":[{"href":"https:\/\/silenthome.com\/es\/wp-json\/wp\/v2\/media?parent=9299"}],"wp:term":[{"taxonomy":"product_brand","embeddable":true,"href":"https:\/\/silenthome.com\/es\/wp-json\/wp\/v2\/product_brand?post=9299"},{"taxonomy":"product_cat","embeddable":true,"href":"https:\/\/silenthome.com\/es\/wp-json\/wp\/v2\/product_cat?post=9299"},{"taxonomy":"product_tag","embeddable":true,"href":"https:\/\/silenthome.com\/es\/wp-json\/wp\/v2\/product_tag?post=9299"}],"curies":[{"name":"wp","href":"https:\/\/api.w.org\/{rel}","templated":true}]}}