{"id":9298,"date":"2025-07-02T16:28:44","date_gmt":"2025-07-02T15:28:44","guid":{"rendered":"https:\/\/silenthome.com\/produto\/canvas-sea-quadro-decorativo-azul-e-branco\/"},"modified":"2026-04-01T11:33:39","modified_gmt":"2026-04-01T10:33:39","slug":"canvas-sea-quadro-decorativo-azul-e-branco","status":"publish","type":"product","link":"https:\/\/silenthome.com\/es\/producto\/canvas-sea-quadro-decorativo-azul-e-branco\/","title":{"rendered":"MESA DECORATIVA LIENZO MAR, AZUL Y BLANCO 80X120 cm"},"content":{"rendered":"","protected":false},"excerpt":{"rendered":"<p>Este cuadro ofrece una vista a\u00e9rea m\u00e1s abstracta y art\u00edstica de la costa, donde los tonos turquesa, azul y beige se funden con delicadeza. El lienzo \"Mar\" es una composici\u00f3n serena y sofisticada, ideal para quienes buscan una obra de arte con equilibrio crom\u00e1tico e inspiraci\u00f3n natural.<br \/>\nQueda muy bien solo o junto con otros cuadros de la misma colecci\u00f3n.<\/p>","protected":false},"featured_media":9785,"comment_status":"open","ping_status":"closed","template":"","meta":{"_acf_changed":false},"product_brand":[],"product_cat":[71],"product_tag":[],"class_list":{"0":"post-9298","1":"product","2":"type-product","3":"status-publish","4":"has-post-thumbnail","6":"product_cat-arte","8":"first","9":"outofstock","10":"taxable","11":"shipping-taxable","12":"purchasable","13":"product-type-simple"},"acf":[],"aioseo_notices":[],"_links":{"self":[{"href":"https:\/\/silenthome.com\/es\/wp-json\/wp\/v2\/product\/9298","targetHints":{"allow":["GET"]}}],"collection":[{"href":"https:\/\/silenthome.com\/es\/wp-json\/wp\/v2\/product"}],"about":[{"href":"https:\/\/silenthome.com\/es\/wp-json\/wp\/v2\/types\/product"}],"replies":[{"embeddable":true,"href":"https:\/\/silenthome.com\/es\/wp-json\/wp\/v2\/comments?post=9298"}],"wp:featuredmedia":[{"embeddable":true,"href":"https:\/\/silenthome.com\/es\/wp-json\/wp\/v2\/media\/9785"}],"wp:attachment":[{"href":"https:\/\/silenthome.com\/es\/wp-json\/wp\/v2\/media?parent=9298"}],"wp:term":[{"taxonomy":"product_brand","embeddable":true,"href":"https:\/\/silenthome.com\/es\/wp-json\/wp\/v2\/product_brand?post=9298"},{"taxonomy":"product_cat","embeddable":true,"href":"https:\/\/silenthome.com\/es\/wp-json\/wp\/v2\/product_cat?post=9298"},{"taxonomy":"product_tag","embeddable":true,"href":"https:\/\/silenthome.com\/es\/wp-json\/wp\/v2\/product_tag?post=9298"}],"curies":[{"name":"wp","href":"https:\/\/api.w.org\/{rel}","templated":true}]}}