{"id":9296,"date":"2025-07-02T16:28:43","date_gmt":"2025-07-02T15:28:43","guid":{"rendered":"https:\/\/silenthome.com\/produto\/altaria-suporte-de-livros-petite\/"},"modified":"2026-02-02T15:25:27","modified_gmt":"2026-02-02T15:25:27","slug":"altaria-suporte-de-livros-petite","status":"publish","type":"product","link":"https:\/\/silenthome.com\/es\/producto\/altaria-suporte-de-livros-petite\/","title":{"rendered":"ALTARIA, PEQUE\u00d1O ATRIL"},"content":{"rendered":"","protected":false},"excerpt":{"rendered":"<p>Con un dise\u00f1o pensado para exponer libros abiertos de forma pr\u00e1ctica y elegante, este soporte es ideal para tener siempre a la vista recetas, obras de arte o p\u00e1ginas de inspiraci\u00f3n. Su estructura estable y su formato funcional permiten una presentaci\u00f3n ordenada, realzando el contenido e integr\u00e1ndose con naturalidad en la decoraci\u00f3n.<\/p>","protected":false},"featured_media":9432,"comment_status":"open","ping_status":"closed","template":"","meta":{"_acf_changed":false},"product_brand":[],"product_cat":[74],"product_tag":[],"class_list":{"0":"post-9296","1":"product","2":"type-product","3":"status-publish","4":"has-post-thumbnail","6":"product_cat-objectos-decorativos","8":"first","9":"instock","10":"taxable","11":"shipping-taxable","12":"purchasable","13":"product-type-simple"},"acf":[],"aioseo_notices":[],"_links":{"self":[{"href":"https:\/\/silenthome.com\/es\/wp-json\/wp\/v2\/product\/9296","targetHints":{"allow":["GET"]}}],"collection":[{"href":"https:\/\/silenthome.com\/es\/wp-json\/wp\/v2\/product"}],"about":[{"href":"https:\/\/silenthome.com\/es\/wp-json\/wp\/v2\/types\/product"}],"replies":[{"embeddable":true,"href":"https:\/\/silenthome.com\/es\/wp-json\/wp\/v2\/comments?post=9296"}],"wp:featuredmedia":[{"embeddable":true,"href":"https:\/\/silenthome.com\/es\/wp-json\/wp\/v2\/media\/9432"}],"wp:attachment":[{"href":"https:\/\/silenthome.com\/es\/wp-json\/wp\/v2\/media?parent=9296"}],"wp:term":[{"taxonomy":"product_brand","embeddable":true,"href":"https:\/\/silenthome.com\/es\/wp-json\/wp\/v2\/product_brand?post=9296"},{"taxonomy":"product_cat","embeddable":true,"href":"https:\/\/silenthome.com\/es\/wp-json\/wp\/v2\/product_cat?post=9296"},{"taxonomy":"product_tag","embeddable":true,"href":"https:\/\/silenthome.com\/es\/wp-json\/wp\/v2\/product_tag?post=9296"}],"curies":[{"name":"wp","href":"https:\/\/api.w.org\/{rel}","templated":true}]}}