{"id":9292,"date":"2025-07-02T16:28:41","date_gmt":"2025-07-02T15:28:41","guid":{"rendered":"https:\/\/silenthome.com\/produto\/archie-grand-apoio-de-livros-em-travertino\/"},"modified":"2025-07-12T11:45:52","modified_gmt":"2025-07-12T10:45:52","slug":"archie-grand-apoio-de-livros-em-travertino","status":"publish","type":"product","link":"https:\/\/silenthome.com\/es\/producto\/archie-grand-apoio-de-livros-em-travertino\/","title":{"rendered":"ARCHIE GRAND, SUJETALIBROS DE TRAVERTINO"},"content":{"rendered":"","protected":false},"excerpt":{"rendered":"<p>Con su dise\u00f1o minimalista y su forma arqueada, esta pieza decorativa de m\u00e1rmol combina la nobleza del material con una forma sencilla y contempor\u00e1nea. Su aspecto escult\u00f3rico aporta sofisticaci\u00f3n y ligereza a cualquier estancia, ya sea destacando sobre una estanter\u00eda, un aparador o una mesa.<br \/>\nUn elemento decorativo de presencia discreta, pero lleno de personalidad.<\/p>","protected":false},"featured_media":9475,"comment_status":"open","ping_status":"closed","template":"","meta":{"_acf_changed":false},"product_brand":[],"product_cat":[74],"product_tag":[],"class_list":{"0":"post-9292","1":"product","2":"type-product","3":"status-publish","4":"has-post-thumbnail","6":"product_cat-objectos-decorativos","8":"first","9":"instock","10":"taxable","11":"shipping-taxable","12":"purchasable","13":"product-type-simple"},"acf":[],"aioseo_notices":[],"_links":{"self":[{"href":"https:\/\/silenthome.com\/es\/wp-json\/wp\/v2\/product\/9292","targetHints":{"allow":["GET"]}}],"collection":[{"href":"https:\/\/silenthome.com\/es\/wp-json\/wp\/v2\/product"}],"about":[{"href":"https:\/\/silenthome.com\/es\/wp-json\/wp\/v2\/types\/product"}],"replies":[{"embeddable":true,"href":"https:\/\/silenthome.com\/es\/wp-json\/wp\/v2\/comments?post=9292"}],"wp:featuredmedia":[{"embeddable":true,"href":"https:\/\/silenthome.com\/es\/wp-json\/wp\/v2\/media\/9475"}],"wp:attachment":[{"href":"https:\/\/silenthome.com\/es\/wp-json\/wp\/v2\/media?parent=9292"}],"wp:term":[{"taxonomy":"product_brand","embeddable":true,"href":"https:\/\/silenthome.com\/es\/wp-json\/wp\/v2\/product_brand?post=9292"},{"taxonomy":"product_cat","embeddable":true,"href":"https:\/\/silenthome.com\/es\/wp-json\/wp\/v2\/product_cat?post=9292"},{"taxonomy":"product_tag","embeddable":true,"href":"https:\/\/silenthome.com\/es\/wp-json\/wp\/v2\/product_tag?post=9292"}],"curies":[{"name":"wp","href":"https:\/\/api.w.org\/{rel}","templated":true}]}}