{"id":9291,"date":"2025-07-02T16:28:41","date_gmt":"2025-07-02T15:28:41","guid":{"rendered":"https:\/\/silenthome.com\/produto\/mussulo-vaso-decorativo\/"},"modified":"2025-11-20T17:20:20","modified_gmt":"2025-11-20T17:20:20","slug":"mussulo-vaso-decorativo","status":"publish","type":"product","link":"https:\/\/silenthome.com\/es\/producto\/mussulo-vaso-decorativo\/","title":{"rendered":"MUSSULO, JARR\u00d3N DECORATIVO"},"content":{"rendered":"","protected":false},"excerpt":{"rendered":"<p>Con sus delicadas l\u00edneas y su acabado natural, este jarr\u00f3n de cer\u00e1mica es el complemento perfecto para realzar cualquier espacio. Vers\u00e1til y sofisticado, se adapta a diferentes estilos de decoraci\u00f3n y puede utilizarse para flores o simplemente como pieza decorativa.<br \/>\nUna elecci\u00f3n elegante para dar vida y personalidad a la habitaci\u00f3n.<\/p>","protected":false},"featured_media":9438,"comment_status":"open","ping_status":"closed","template":"","meta":{"_acf_changed":false},"product_brand":[],"product_cat":[83],"product_tag":[],"class_list":{"0":"post-9291","1":"product","2":"type-product","3":"status-publish","4":"has-post-thumbnail","6":"product_cat-jarras","8":"first","9":"instock","10":"taxable","11":"shipping-taxable","12":"purchasable","13":"product-type-simple"},"acf":[],"aioseo_notices":[],"_links":{"self":[{"href":"https:\/\/silenthome.com\/es\/wp-json\/wp\/v2\/product\/9291","targetHints":{"allow":["GET"]}}],"collection":[{"href":"https:\/\/silenthome.com\/es\/wp-json\/wp\/v2\/product"}],"about":[{"href":"https:\/\/silenthome.com\/es\/wp-json\/wp\/v2\/types\/product"}],"replies":[{"embeddable":true,"href":"https:\/\/silenthome.com\/es\/wp-json\/wp\/v2\/comments?post=9291"}],"wp:featuredmedia":[{"embeddable":true,"href":"https:\/\/silenthome.com\/es\/wp-json\/wp\/v2\/media\/9438"}],"wp:attachment":[{"href":"https:\/\/silenthome.com\/es\/wp-json\/wp\/v2\/media?parent=9291"}],"wp:term":[{"taxonomy":"product_brand","embeddable":true,"href":"https:\/\/silenthome.com\/es\/wp-json\/wp\/v2\/product_brand?post=9291"},{"taxonomy":"product_cat","embeddable":true,"href":"https:\/\/silenthome.com\/es\/wp-json\/wp\/v2\/product_cat?post=9291"},{"taxonomy":"product_tag","embeddable":true,"href":"https:\/\/silenthome.com\/es\/wp-json\/wp\/v2\/product_tag?post=9291"}],"curies":[{"name":"wp","href":"https:\/\/api.w.org\/{rel}","templated":true}]}}