{"id":9290,"date":"2025-07-02T16:28:40","date_gmt":"2025-07-02T15:28:40","guid":{"rendered":"https:\/\/silenthome.com\/produto\/sidera-vaso-decorativo\/"},"modified":"2026-04-14T16:49:05","modified_gmt":"2026-04-14T15:49:05","slug":"sidera-vaso-decorativo","status":"publish","type":"product","link":"https:\/\/silenthome.com\/es\/producto\/sidera-vaso-decorativo\/","title":{"rendered":"SIDERA, JARR\u00d3N DECORATIVO"},"content":{"rendered":"","protected":false},"excerpt":{"rendered":"<p>Con un relieve tridimensional de formas redondeadas y fluidas, este jarr\u00f3n de cer\u00e1mica destaca por su dise\u00f1o escultural y original. La superficie gruesa crea un sutil juego de luces y sombras que le confiere un car\u00e1cter visual llamativo y sofisticado.<br \/>\nUna pieza decorativa vers\u00e1til, ideal para realzar cualquier estancia con un toque art\u00edstico y moderno.<\/p>","protected":false},"featured_media":9437,"comment_status":"open","ping_status":"closed","template":"","meta":{"_acf_changed":false},"product_brand":[],"product_cat":[83],"product_tag":[],"class_list":{"0":"post-9290","1":"product","2":"type-product","3":"status-publish","4":"has-post-thumbnail","6":"product_cat-jarras","8":"first","9":"instock","10":"taxable","11":"shipping-taxable","12":"purchasable","13":"product-type-simple"},"acf":[],"aioseo_notices":[],"_links":{"self":[{"href":"https:\/\/silenthome.com\/es\/wp-json\/wp\/v2\/product\/9290","targetHints":{"allow":["GET"]}}],"collection":[{"href":"https:\/\/silenthome.com\/es\/wp-json\/wp\/v2\/product"}],"about":[{"href":"https:\/\/silenthome.com\/es\/wp-json\/wp\/v2\/types\/product"}],"replies":[{"embeddable":true,"href":"https:\/\/silenthome.com\/es\/wp-json\/wp\/v2\/comments?post=9290"}],"wp:featuredmedia":[{"embeddable":true,"href":"https:\/\/silenthome.com\/es\/wp-json\/wp\/v2\/media\/9437"}],"wp:attachment":[{"href":"https:\/\/silenthome.com\/es\/wp-json\/wp\/v2\/media?parent=9290"}],"wp:term":[{"taxonomy":"product_brand","embeddable":true,"href":"https:\/\/silenthome.com\/es\/wp-json\/wp\/v2\/product_brand?post=9290"},{"taxonomy":"product_cat","embeddable":true,"href":"https:\/\/silenthome.com\/es\/wp-json\/wp\/v2\/product_cat?post=9290"},{"taxonomy":"product_tag","embeddable":true,"href":"https:\/\/silenthome.com\/es\/wp-json\/wp\/v2\/product_tag?post=9290"}],"curies":[{"name":"wp","href":"https:\/\/api.w.org\/{rel}","templated":true}]}}