{"id":9289,"date":"2025-07-02T16:28:40","date_gmt":"2025-07-02T15:28:40","guid":{"rendered":"https:\/\/silenthome.com\/produto\/osaka-tabuleiro-decorativo-em-travertino\/"},"modified":"2025-11-20T17:20:21","modified_gmt":"2025-11-20T17:20:21","slug":"osaka-tabuleiro-decorativo-em-travertino","status":"publish","type":"product","link":"https:\/\/silenthome.com\/es\/producto\/osaka-tabuleiro-decorativo-em-travertino\/","title":{"rendered":"OSAKA, BANDEJA DECORATIVA DE TRAVERTINO"},"content":{"rendered":"","protected":false},"excerpt":{"rendered":"<p>Con un atrevido dise\u00f1o a base de peque\u00f1os tubos de m\u00e1rmol, esta delicada bandeja combina funcionalidad y est\u00e9tica en un equilibrio perfecto entre lo moderno y lo cl\u00e1sico.<br \/>\nUna pieza distintiva que realza cualquier espacio, ideal para colocar peque\u00f1os objetos o simplemente decorar con elegancia.<\/p>","protected":false},"featured_media":9449,"comment_status":"open","ping_status":"closed","template":"","meta":{"_acf_changed":false},"product_brand":[],"product_cat":[85],"product_tag":[],"class_list":{"0":"post-9289","1":"product","2":"type-product","3":"status-publish","4":"has-post-thumbnail","6":"product_cat-tabuleiros","8":"first","9":"instock","10":"taxable","11":"shipping-taxable","12":"purchasable","13":"product-type-simple"},"acf":[],"aioseo_notices":[],"_links":{"self":[{"href":"https:\/\/silenthome.com\/es\/wp-json\/wp\/v2\/product\/9289","targetHints":{"allow":["GET"]}}],"collection":[{"href":"https:\/\/silenthome.com\/es\/wp-json\/wp\/v2\/product"}],"about":[{"href":"https:\/\/silenthome.com\/es\/wp-json\/wp\/v2\/types\/product"}],"replies":[{"embeddable":true,"href":"https:\/\/silenthome.com\/es\/wp-json\/wp\/v2\/comments?post=9289"}],"wp:featuredmedia":[{"embeddable":true,"href":"https:\/\/silenthome.com\/es\/wp-json\/wp\/v2\/media\/9449"}],"wp:attachment":[{"href":"https:\/\/silenthome.com\/es\/wp-json\/wp\/v2\/media?parent=9289"}],"wp:term":[{"taxonomy":"product_brand","embeddable":true,"href":"https:\/\/silenthome.com\/es\/wp-json\/wp\/v2\/product_brand?post=9289"},{"taxonomy":"product_cat","embeddable":true,"href":"https:\/\/silenthome.com\/es\/wp-json\/wp\/v2\/product_cat?post=9289"},{"taxonomy":"product_tag","embeddable":true,"href":"https:\/\/silenthome.com\/es\/wp-json\/wp\/v2\/product_tag?post=9289"}],"curies":[{"name":"wp","href":"https:\/\/api.w.org\/{rel}","templated":true}]}}