{"id":9287,"date":"2025-07-02T16:28:39","date_gmt":"2025-07-02T15:28:39","guid":{"rendered":"https:\/\/silenthome.com\/produto\/osaka-guirlanda-de-contas-bege\/"},"modified":"2026-03-06T15:12:24","modified_gmt":"2026-03-06T15:12:24","slug":"osaka-guirlanda-de-contas-bege","status":"publish","type":"product","link":"https:\/\/silenthome.com\/es\/producto\/osaka-guirlanda-de-contas-bege\/","title":{"rendered":"OSAKA, GUIRNALDA DE CUENTAS BEIGE"},"content":{"rendered":"","protected":false},"excerpt":{"rendered":"<p>La guirnalda de cuentas de madera Osaka es el objeto decorativo que a\u00f1adir\u00e1 el toque que le falta a su estanter\u00eda, mesa de centro o aparador del sal\u00f3n. Esta pieza ofrece una est\u00e9tica \u00fanica y contempor\u00e1nea que combina f\u00e1cilmente con cualquier estilo de decoraci\u00f3n. Las cuentas de madera natural a\u00f1aden textura y un encanto org\u00e1nico a la habitaci\u00f3n, convirti\u00e9ndola en un detalle sencillo, pero lleno de personalidad.<\/p>","protected":false},"featured_media":9425,"comment_status":"open","ping_status":"closed","template":"","meta":{"_acf_changed":false},"product_brand":[],"product_cat":[74],"product_tag":[],"class_list":{"0":"post-9287","1":"product","2":"type-product","3":"status-publish","4":"has-post-thumbnail","6":"product_cat-objectos-decorativos","8":"first","9":"outofstock","10":"taxable","11":"shipping-taxable","12":"purchasable","13":"product-type-simple"},"acf":[],"aioseo_notices":[],"_links":{"self":[{"href":"https:\/\/silenthome.com\/es\/wp-json\/wp\/v2\/product\/9287","targetHints":{"allow":["GET"]}}],"collection":[{"href":"https:\/\/silenthome.com\/es\/wp-json\/wp\/v2\/product"}],"about":[{"href":"https:\/\/silenthome.com\/es\/wp-json\/wp\/v2\/types\/product"}],"replies":[{"embeddable":true,"href":"https:\/\/silenthome.com\/es\/wp-json\/wp\/v2\/comments?post=9287"}],"wp:featuredmedia":[{"embeddable":true,"href":"https:\/\/silenthome.com\/es\/wp-json\/wp\/v2\/media\/9425"}],"wp:attachment":[{"href":"https:\/\/silenthome.com\/es\/wp-json\/wp\/v2\/media?parent=9287"}],"wp:term":[{"taxonomy":"product_brand","embeddable":true,"href":"https:\/\/silenthome.com\/es\/wp-json\/wp\/v2\/product_brand?post=9287"},{"taxonomy":"product_cat","embeddable":true,"href":"https:\/\/silenthome.com\/es\/wp-json\/wp\/v2\/product_cat?post=9287"},{"taxonomy":"product_tag","embeddable":true,"href":"https:\/\/silenthome.com\/es\/wp-json\/wp\/v2\/product_tag?post=9287"}],"curies":[{"name":"wp","href":"https:\/\/api.w.org\/{rel}","templated":true}]}}