{"id":9285,"date":"2025-07-02T16:28:38","date_gmt":"2025-07-02T15:28:38","guid":{"rendered":"https:\/\/silenthome.com\/produto\/nyra-peca-decorativa-castanha\/"},"modified":"2026-04-01T18:44:52","modified_gmt":"2026-04-01T17:44:52","slug":"nyra-peca-decorativa-castanha","status":"publish","type":"product","link":"https:\/\/silenthome.com\/es\/producto\/nyra-peca-decorativa-castanha\/","title":{"rendered":"NYRA, PIEZA DECORATIVA MARR\u00d3N"},"content":{"rendered":"","protected":false},"excerpt":{"rendered":"<p>A\u00f1ada un toque de elegancia r\u00fastica y atemporal a su hogar con esta escultura de madera Nyra. Inspirada en la est\u00e9tica Wabi Sabi, que valora la sencillez y la belleza de las imperfecciones naturales, esta pieza transmite serenidad y autenticidad.<\/p>\n<p>Perfecta para colocar en un balc\u00f3n, sal\u00f3n, estanter\u00eda o incluso como decoraci\u00f3n de ventana, esta escultura transforma cualquier espacio con su encanto org\u00e1nico y minimalista.<\/p>","protected":false},"featured_media":9427,"comment_status":"open","ping_status":"closed","template":"","meta":{"_acf_changed":false},"product_brand":[],"product_cat":[74],"product_tag":[],"class_list":{"0":"post-9285","1":"product","2":"type-product","3":"status-publish","4":"has-post-thumbnail","6":"product_cat-objectos-decorativos","8":"first","9":"instock","10":"taxable","11":"shipping-taxable","12":"purchasable","13":"product-type-simple"},"acf":[],"aioseo_notices":[],"_links":{"self":[{"href":"https:\/\/silenthome.com\/es\/wp-json\/wp\/v2\/product\/9285","targetHints":{"allow":["GET"]}}],"collection":[{"href":"https:\/\/silenthome.com\/es\/wp-json\/wp\/v2\/product"}],"about":[{"href":"https:\/\/silenthome.com\/es\/wp-json\/wp\/v2\/types\/product"}],"replies":[{"embeddable":true,"href":"https:\/\/silenthome.com\/es\/wp-json\/wp\/v2\/comments?post=9285"}],"wp:featuredmedia":[{"embeddable":true,"href":"https:\/\/silenthome.com\/es\/wp-json\/wp\/v2\/media\/9427"}],"wp:attachment":[{"href":"https:\/\/silenthome.com\/es\/wp-json\/wp\/v2\/media?parent=9285"}],"wp:term":[{"taxonomy":"product_brand","embeddable":true,"href":"https:\/\/silenthome.com\/es\/wp-json\/wp\/v2\/product_brand?post=9285"},{"taxonomy":"product_cat","embeddable":true,"href":"https:\/\/silenthome.com\/es\/wp-json\/wp\/v2\/product_cat?post=9285"},{"taxonomy":"product_tag","embeddable":true,"href":"https:\/\/silenthome.com\/es\/wp-json\/wp\/v2\/product_tag?post=9285"}],"curies":[{"name":"wp","href":"https:\/\/api.w.org\/{rel}","templated":true}]}}