{"id":9282,"date":"2025-07-02T16:28:37","date_gmt":"2025-07-02T15:28:37","guid":{"rendered":"https:\/\/silenthome.com\/produto\/alzata-tabuleiro-grande\/"},"modified":"2025-10-16T15:24:32","modified_gmt":"2025-10-16T14:24:32","slug":"alzata-tabuleiro-grande","status":"publish","type":"product","link":"https:\/\/silenthome.com\/es\/producto\/alzata-tabuleiro-grande\/","title":{"rendered":"ALZATA, BANDEJA GRANDE"},"content":{"rendered":"","protected":false},"excerpt":{"rendered":"<p>Con un dise\u00f1o sencillo y funcional, esta bandeja de m\u00e1rmol eleva el momento de servir con encanto y practicidad. El pie le da presencia y estabilidad, haci\u00e9ndola ideal para presentar aperitivos, frutas u objetos con un toque r\u00fastico y acogedor.<br \/>\nEs vers\u00e1til y tambi\u00e9n puede utilizarse como pieza decorativa para embellecer cualquier estancia de la casa.<\/p>","protected":false},"featured_media":9448,"comment_status":"open","ping_status":"closed","template":"","meta":{"_acf_changed":false},"product_brand":[],"product_cat":[85],"product_tag":[],"class_list":{"0":"post-9282","1":"product","2":"type-product","3":"status-publish","4":"has-post-thumbnail","6":"product_cat-tabuleiros","8":"first","9":"instock","10":"taxable","11":"shipping-taxable","12":"purchasable","13":"product-type-simple"},"acf":[],"aioseo_notices":[],"_links":{"self":[{"href":"https:\/\/silenthome.com\/es\/wp-json\/wp\/v2\/product\/9282","targetHints":{"allow":["GET"]}}],"collection":[{"href":"https:\/\/silenthome.com\/es\/wp-json\/wp\/v2\/product"}],"about":[{"href":"https:\/\/silenthome.com\/es\/wp-json\/wp\/v2\/types\/product"}],"replies":[{"embeddable":true,"href":"https:\/\/silenthome.com\/es\/wp-json\/wp\/v2\/comments?post=9282"}],"wp:featuredmedia":[{"embeddable":true,"href":"https:\/\/silenthome.com\/es\/wp-json\/wp\/v2\/media\/9448"}],"wp:attachment":[{"href":"https:\/\/silenthome.com\/es\/wp-json\/wp\/v2\/media?parent=9282"}],"wp:term":[{"taxonomy":"product_brand","embeddable":true,"href":"https:\/\/silenthome.com\/es\/wp-json\/wp\/v2\/product_brand?post=9282"},{"taxonomy":"product_cat","embeddable":true,"href":"https:\/\/silenthome.com\/es\/wp-json\/wp\/v2\/product_cat?post=9282"},{"taxonomy":"product_tag","embeddable":true,"href":"https:\/\/silenthome.com\/es\/wp-json\/wp\/v2\/product_tag?post=9282"}],"curies":[{"name":"wp","href":"https:\/\/api.w.org\/{rel}","templated":true}]}}