{"id":9279,"date":"2025-07-02T16:28:36","date_gmt":"2025-07-02T15:28:36","guid":{"rendered":"https:\/\/silenthome.com\/produto\/nyra-peca-decorativa-preta\/"},"modified":"2026-04-01T18:44:29","modified_gmt":"2026-04-01T17:44:29","slug":"nyra-peca-decorativa-preta","status":"publish","type":"product","link":"https:\/\/silenthome.com\/es\/producto\/nyra-peca-decorativa-preta\/","title":{"rendered":"NYRA, PIEZA DECORATIVA NEGRA"},"content":{"rendered":"","protected":false},"excerpt":{"rendered":"<p>\"A\u00f1ada un toque de elegancia r\u00fastica y atemporal a su hogar con esta escultura de madera Nyra. Inspirada en la est\u00e9tica Wabi Sabi, que valora la sencillez y la belleza de las imperfecciones naturales, esta pieza transmite serenidad y autenticidad.<\/p>\n<p>Perfecta para colocar en un balc\u00f3n, sal\u00f3n, estanter\u00eda o incluso como decoraci\u00f3n de ventana, esta escultura transforma cualquier espacio con su encanto org\u00e1nico y minimalista.\"<\/p>","protected":false},"featured_media":9428,"comment_status":"open","ping_status":"closed","template":"","meta":{"_acf_changed":false},"product_brand":[],"product_cat":[74],"product_tag":[],"class_list":{"0":"post-9279","1":"product","2":"type-product","3":"status-publish","4":"has-post-thumbnail","6":"product_cat-objectos-decorativos","8":"first","9":"outofstock","10":"taxable","11":"shipping-taxable","12":"purchasable","13":"product-type-simple"},"acf":[],"aioseo_notices":[],"_links":{"self":[{"href":"https:\/\/silenthome.com\/es\/wp-json\/wp\/v2\/product\/9279","targetHints":{"allow":["GET"]}}],"collection":[{"href":"https:\/\/silenthome.com\/es\/wp-json\/wp\/v2\/product"}],"about":[{"href":"https:\/\/silenthome.com\/es\/wp-json\/wp\/v2\/types\/product"}],"replies":[{"embeddable":true,"href":"https:\/\/silenthome.com\/es\/wp-json\/wp\/v2\/comments?post=9279"}],"wp:featuredmedia":[{"embeddable":true,"href":"https:\/\/silenthome.com\/es\/wp-json\/wp\/v2\/media\/9428"}],"wp:attachment":[{"href":"https:\/\/silenthome.com\/es\/wp-json\/wp\/v2\/media?parent=9279"}],"wp:term":[{"taxonomy":"product_brand","embeddable":true,"href":"https:\/\/silenthome.com\/es\/wp-json\/wp\/v2\/product_brand?post=9279"},{"taxonomy":"product_cat","embeddable":true,"href":"https:\/\/silenthome.com\/es\/wp-json\/wp\/v2\/product_cat?post=9279"},{"taxonomy":"product_tag","embeddable":true,"href":"https:\/\/silenthome.com\/es\/wp-json\/wp\/v2\/product_tag?post=9279"}],"curies":[{"name":"wp","href":"https:\/\/api.w.org\/{rel}","templated":true}]}}