{"id":9271,"date":"2025-07-02T16:28:32","date_gmt":"2025-07-02T15:28:32","guid":{"rendered":"https:\/\/silenthome.com\/produto\/form-caixa-acrilica-rectangular-com-esferas-prateadas\/"},"modified":"2026-03-12T14:12:57","modified_gmt":"2026-03-12T14:12:57","slug":"form-caixa-acrilica-rectangular-com-esferas-prateadas-petite","status":"publish","type":"product","link":"https:\/\/silenthome.com\/es\/producto\/form-caixa-acrilica-rectangular-com-esferas-prateadas-petite\/","title":{"rendered":"FORMA, CAJA RECTANGULAR DE ACR\u00cdLICO CON PEQUE\u00d1AS ESFERAS DE PLATA"},"content":{"rendered":"","protected":false},"excerpt":{"rendered":"<p>Eleve la est\u00e9tica de su decoraci\u00f3n con esta moderna obra de arte que combina elegancia y minimalismo. Compuesta por esferas de metal suspendidas dentro de una caja transparente, esta escultura transmite una sensaci\u00f3n de equilibrio y sofisticaci\u00f3n.<br \/>\nEl contraste entre los materiales -el brillo del metal y la ligereza del acr\u00edlico- crea un efecto visual impactante, ideal para entornos contempor\u00e1neos o espacios que valoran el dise\u00f1o conceptual.<\/p>","protected":false},"featured_media":9418,"comment_status":"open","ping_status":"closed","template":"","meta":{"_acf_changed":false},"product_brand":[],"product_cat":[74],"product_tag":[],"class_list":{"0":"post-9271","1":"product","2":"type-product","3":"status-publish","4":"has-post-thumbnail","6":"product_cat-objectos-decorativos","8":"first","9":"instock","10":"taxable","11":"shipping-taxable","12":"purchasable","13":"product-type-simple"},"acf":[],"aioseo_notices":[],"_links":{"self":[{"href":"https:\/\/silenthome.com\/es\/wp-json\/wp\/v2\/product\/9271","targetHints":{"allow":["GET"]}}],"collection":[{"href":"https:\/\/silenthome.com\/es\/wp-json\/wp\/v2\/product"}],"about":[{"href":"https:\/\/silenthome.com\/es\/wp-json\/wp\/v2\/types\/product"}],"replies":[{"embeddable":true,"href":"https:\/\/silenthome.com\/es\/wp-json\/wp\/v2\/comments?post=9271"}],"wp:featuredmedia":[{"embeddable":true,"href":"https:\/\/silenthome.com\/es\/wp-json\/wp\/v2\/media\/9418"}],"wp:attachment":[{"href":"https:\/\/silenthome.com\/es\/wp-json\/wp\/v2\/media?parent=9271"}],"wp:term":[{"taxonomy":"product_brand","embeddable":true,"href":"https:\/\/silenthome.com\/es\/wp-json\/wp\/v2\/product_brand?post=9271"},{"taxonomy":"product_cat","embeddable":true,"href":"https:\/\/silenthome.com\/es\/wp-json\/wp\/v2\/product_cat?post=9271"},{"taxonomy":"product_tag","embeddable":true,"href":"https:\/\/silenthome.com\/es\/wp-json\/wp\/v2\/product_tag?post=9271"}],"curies":[{"name":"wp","href":"https:\/\/api.w.org\/{rel}","templated":true}]}}