{"id":9268,"date":"2025-07-02T16:28:31","date_gmt":"2025-07-02T15:28:31","guid":{"rendered":"https:\/\/silenthome.com\/produto\/osaka-taca-em-madeira-natural\/"},"modified":"2025-07-12T17:12:21","modified_gmt":"2025-07-12T16:12:21","slug":"osaka-taca-em-madeira-natural","status":"publish","type":"product","link":"https:\/\/silenthome.com\/es\/producto\/osaka-taca-em-madeira-natural\/","title":{"rendered":"OSAKA, CUENCO DE MADERA NATURAL"},"content":{"rendered":"","protected":false},"excerpt":{"rendered":"<p>El cuenco Osaka, de madera carbonizada en color natural, puede utilizarse para organizar objetos decorativos o simplemente como elemento decorativo en s\u00ed mismo. Es una pieza vers\u00e1til y elegante que aporta un toque r\u00fastico pero elegante a cualquier ambiente.<\/p>","protected":false},"featured_media":9414,"comment_status":"open","ping_status":"closed","template":"","meta":{"_acf_changed":false},"product_brand":[],"product_cat":[86],"product_tag":[],"class_list":{"0":"post-9268","1":"product","2":"type-product","3":"status-publish","4":"has-post-thumbnail","6":"product_cat-tacas","8":"first","9":"instock","10":"taxable","11":"shipping-taxable","12":"purchasable","13":"product-type-simple"},"acf":[],"aioseo_notices":[],"_links":{"self":[{"href":"https:\/\/silenthome.com\/es\/wp-json\/wp\/v2\/product\/9268","targetHints":{"allow":["GET"]}}],"collection":[{"href":"https:\/\/silenthome.com\/es\/wp-json\/wp\/v2\/product"}],"about":[{"href":"https:\/\/silenthome.com\/es\/wp-json\/wp\/v2\/types\/product"}],"replies":[{"embeddable":true,"href":"https:\/\/silenthome.com\/es\/wp-json\/wp\/v2\/comments?post=9268"}],"wp:featuredmedia":[{"embeddable":true,"href":"https:\/\/silenthome.com\/es\/wp-json\/wp\/v2\/media\/9414"}],"wp:attachment":[{"href":"https:\/\/silenthome.com\/es\/wp-json\/wp\/v2\/media?parent=9268"}],"wp:term":[{"taxonomy":"product_brand","embeddable":true,"href":"https:\/\/silenthome.com\/es\/wp-json\/wp\/v2\/product_brand?post=9268"},{"taxonomy":"product_cat","embeddable":true,"href":"https:\/\/silenthome.com\/es\/wp-json\/wp\/v2\/product_cat?post=9268"},{"taxonomy":"product_tag","embeddable":true,"href":"https:\/\/silenthome.com\/es\/wp-json\/wp\/v2\/product_tag?post=9268"}],"curies":[{"name":"wp","href":"https:\/\/api.w.org\/{rel}","templated":true}]}}