{"id":9266,"date":"2025-07-02T16:28:30","date_gmt":"2025-07-02T15:28:30","guid":{"rendered":"https:\/\/silenthome.com\/produto\/gaze-jarra-decorativa-petite\/"},"modified":"2026-04-16T18:22:49","modified_gmt":"2026-04-16T17:22:49","slug":"gaze-jarra-decorativa-petite","status":"publish","type":"product","link":"https:\/\/silenthome.com\/es\/producto\/gaze-jarra-decorativa-petite\/","title":{"rendered":"GASA, PEQUE\u00d1O JARR\u00d3N DECORATIVO"},"content":{"rendered":"","protected":false},"excerpt":{"rendered":"<p>Con sus l\u00edneas minimalistas y su forma escultural, el jarr\u00f3n Gaze aporta una presencia silenciosa pero impactante a cualquier ambiente. Inspirado en siluetas arcaicas y org\u00e1nicas, este objeto decorativo evoca elementos de la naturaleza y la pureza de las formas esenciales.<\/p>","protected":false},"featured_media":9413,"comment_status":"open","ping_status":"closed","template":"","meta":{"_acf_changed":false},"product_brand":[],"product_cat":[83],"product_tag":[],"class_list":{"0":"post-9266","1":"product","2":"type-product","3":"status-publish","4":"has-post-thumbnail","6":"product_cat-jarras","8":"first","9":"instock","10":"taxable","11":"shipping-taxable","12":"purchasable","13":"product-type-simple"},"acf":[],"aioseo_notices":[],"_links":{"self":[{"href":"https:\/\/silenthome.com\/es\/wp-json\/wp\/v2\/product\/9266","targetHints":{"allow":["GET"]}}],"collection":[{"href":"https:\/\/silenthome.com\/es\/wp-json\/wp\/v2\/product"}],"about":[{"href":"https:\/\/silenthome.com\/es\/wp-json\/wp\/v2\/types\/product"}],"replies":[{"embeddable":true,"href":"https:\/\/silenthome.com\/es\/wp-json\/wp\/v2\/comments?post=9266"}],"wp:featuredmedia":[{"embeddable":true,"href":"https:\/\/silenthome.com\/es\/wp-json\/wp\/v2\/media\/9413"}],"wp:attachment":[{"href":"https:\/\/silenthome.com\/es\/wp-json\/wp\/v2\/media?parent=9266"}],"wp:term":[{"taxonomy":"product_brand","embeddable":true,"href":"https:\/\/silenthome.com\/es\/wp-json\/wp\/v2\/product_brand?post=9266"},{"taxonomy":"product_cat","embeddable":true,"href":"https:\/\/silenthome.com\/es\/wp-json\/wp\/v2\/product_cat?post=9266"},{"taxonomy":"product_tag","embeddable":true,"href":"https:\/\/silenthome.com\/es\/wp-json\/wp\/v2\/product_tag?post=9266"}],"curies":[{"name":"wp","href":"https:\/\/api.w.org\/{rel}","templated":true}]}}