{"id":9264,"date":"2025-07-02T16:28:29","date_gmt":"2025-07-02T15:28:29","guid":{"rendered":"https:\/\/silenthome.com\/produto\/charm-quadro-decorativo-de-parede-ou-pousar\/"},"modified":"2026-04-01T11:21:10","modified_gmt":"2026-04-01T10:21:10","slug":"charm-quadro-decorativo-de-parede-ou-pousar","status":"publish","type":"product","link":"https:\/\/silenthome.com\/es\/producto\/charm-quadro-decorativo-de-parede-ou-pousar\/","title":{"rendered":"MESA DECORATIVA DE ENCANTO, PARED O PISCINA 30X40 cm"},"content":{"rendered":"","protected":false},"excerpt":{"rendered":"<p>Con sus l\u00edneas minimalistas y su elegante dise\u00f1o, el cuadro Charm aporta una presencia discreta pero llamativa a cualquier habitaci\u00f3n. Inspirado en la silueta femenina, este cuadro decorativo hace referencia a elementos de la naturaleza humana y a la pureza de las formas esenciales. Puede colgarse en la pared o simplemente apoyarse en un armario o aparador.<\/p>","protected":false},"featured_media":9411,"comment_status":"open","ping_status":"closed","template":"","meta":{"_acf_changed":false},"product_brand":[],"product_cat":[71],"product_tag":[],"class_list":{"0":"post-9264","1":"product","2":"type-product","3":"status-publish","4":"has-post-thumbnail","6":"product_cat-arte","8":"first","9":"outofstock","10":"taxable","11":"shipping-taxable","12":"purchasable","13":"product-type-simple"},"acf":[],"aioseo_notices":[],"_links":{"self":[{"href":"https:\/\/silenthome.com\/es\/wp-json\/wp\/v2\/product\/9264","targetHints":{"allow":["GET"]}}],"collection":[{"href":"https:\/\/silenthome.com\/es\/wp-json\/wp\/v2\/product"}],"about":[{"href":"https:\/\/silenthome.com\/es\/wp-json\/wp\/v2\/types\/product"}],"replies":[{"embeddable":true,"href":"https:\/\/silenthome.com\/es\/wp-json\/wp\/v2\/comments?post=9264"}],"wp:featuredmedia":[{"embeddable":true,"href":"https:\/\/silenthome.com\/es\/wp-json\/wp\/v2\/media\/9411"}],"wp:attachment":[{"href":"https:\/\/silenthome.com\/es\/wp-json\/wp\/v2\/media?parent=9264"}],"wp:term":[{"taxonomy":"product_brand","embeddable":true,"href":"https:\/\/silenthome.com\/es\/wp-json\/wp\/v2\/product_brand?post=9264"},{"taxonomy":"product_cat","embeddable":true,"href":"https:\/\/silenthome.com\/es\/wp-json\/wp\/v2\/product_cat?post=9264"},{"taxonomy":"product_tag","embeddable":true,"href":"https:\/\/silenthome.com\/es\/wp-json\/wp\/v2\/product_tag?post=9264"}],"curies":[{"name":"wp","href":"https:\/\/api.w.org\/{rel}","templated":true}]}}