{"id":9263,"date":"2025-07-02T16:28:29","date_gmt":"2025-07-02T15:28:29","guid":{"rendered":"https:\/\/silenthome.com\/produto\/aura-estatua-decorativa\/"},"modified":"2026-04-30T18:32:27","modified_gmt":"2026-04-30T17:32:27","slug":"aura-estatua-decorativa","status":"publish","type":"product","link":"https:\/\/silenthome.com\/es\/producto\/aura-estatua-decorativa\/","title":{"rendered":"AURA, ESTATUA DECORATIVA"},"content":{"rendered":"","protected":false},"excerpt":{"rendered":"<p>A\u00f1ada un toque de misterio y contemplaci\u00f3n a su espacio con esta escultura \u00fanica de una figura humana estilizada. Con formas sencillas y texturizadas, esta pieza representa una figura con los ojos cerrados y las manos levantadas hacia la cara, evocando la introspecci\u00f3n, el encanto o un momento de silencio espiritual.<\/p>\n<p>Col\u00f3quelo en aparadores, estanter\u00edas o consolas para crear un discreto punto focal lleno de expresi\u00f3n y significado.<\/p>","protected":false},"featured_media":9409,"comment_status":"open","ping_status":"closed","template":"","meta":{"_acf_changed":false},"product_brand":[],"product_cat":[74],"product_tag":[],"class_list":{"0":"post-9263","1":"product","2":"type-product","3":"status-publish","4":"has-post-thumbnail","6":"product_cat-objectos-decorativos","8":"first","9":"instock","10":"taxable","11":"shipping-taxable","12":"purchasable","13":"product-type-simple"},"acf":[],"aioseo_notices":[],"_links":{"self":[{"href":"https:\/\/silenthome.com\/es\/wp-json\/wp\/v2\/product\/9263","targetHints":{"allow":["GET"]}}],"collection":[{"href":"https:\/\/silenthome.com\/es\/wp-json\/wp\/v2\/product"}],"about":[{"href":"https:\/\/silenthome.com\/es\/wp-json\/wp\/v2\/types\/product"}],"replies":[{"embeddable":true,"href":"https:\/\/silenthome.com\/es\/wp-json\/wp\/v2\/comments?post=9263"}],"wp:featuredmedia":[{"embeddable":true,"href":"https:\/\/silenthome.com\/es\/wp-json\/wp\/v2\/media\/9409"}],"wp:attachment":[{"href":"https:\/\/silenthome.com\/es\/wp-json\/wp\/v2\/media?parent=9263"}],"wp:term":[{"taxonomy":"product_brand","embeddable":true,"href":"https:\/\/silenthome.com\/es\/wp-json\/wp\/v2\/product_brand?post=9263"},{"taxonomy":"product_cat","embeddable":true,"href":"https:\/\/silenthome.com\/es\/wp-json\/wp\/v2\/product_cat?post=9263"},{"taxonomy":"product_tag","embeddable":true,"href":"https:\/\/silenthome.com\/es\/wp-json\/wp\/v2\/product_tag?post=9263"}],"curies":[{"name":"wp","href":"https:\/\/api.w.org\/{rel}","templated":true}]}}