{"id":9262,"date":"2025-07-02T16:28:28","date_gmt":"2025-07-02T15:28:28","guid":{"rendered":"https:\/\/silenthome.com\/produto\/osaka-high-cadeira-alta-metalica-com-boucle-branco\/"},"modified":"2026-04-01T23:16:09","modified_gmt":"2026-04-01T22:16:09","slug":"osaka-high-cadeira-alta-metalica-com-boucle-branco","status":"publish","type":"product","link":"https:\/\/silenthome.com\/es\/producto\/osaka-high-cadeira-alta-metalica-com-boucle-branco\/","title":{"rendered":"OSAKA HIGH, SILLA ALTA DE METAL CON BOUCL\u00c9 BLANCO"},"content":{"rendered":"","protected":false},"excerpt":{"rendered":"<p>Esta trona en tejido boucl\u00e9 blanco combina comodidad y dise\u00f1o sofisticado, ideal para ambientes modernos y acogedores. Su robusta estructura garantiza la estabilidad, mientras que el tejido boucl\u00e9 ofrece una textura suave y elegante. Perfecta para salones, bares y cocinas<\/p>","protected":false},"featured_media":9982,"comment_status":"open","ping_status":"closed","template":"","meta":{"_acf_changed":false},"product_brand":[],"product_cat":[80,164],"product_tag":[],"class_list":{"0":"post-9262","1":"product","2":"type-product","3":"status-publish","4":"has-post-thumbnail","6":"product_cat-cadeiras","7":"product_cat-promocoes","9":"first","10":"instock","11":"taxable","12":"shipping-taxable","13":"purchasable","14":"product-type-simple"},"acf":[],"aioseo_notices":[],"_links":{"self":[{"href":"https:\/\/silenthome.com\/es\/wp-json\/wp\/v2\/product\/9262","targetHints":{"allow":["GET"]}}],"collection":[{"href":"https:\/\/silenthome.com\/es\/wp-json\/wp\/v2\/product"}],"about":[{"href":"https:\/\/silenthome.com\/es\/wp-json\/wp\/v2\/types\/product"}],"replies":[{"embeddable":true,"href":"https:\/\/silenthome.com\/es\/wp-json\/wp\/v2\/comments?post=9262"}],"wp:featuredmedia":[{"embeddable":true,"href":"https:\/\/silenthome.com\/es\/wp-json\/wp\/v2\/media\/9982"}],"wp:attachment":[{"href":"https:\/\/silenthome.com\/es\/wp-json\/wp\/v2\/media?parent=9262"}],"wp:term":[{"taxonomy":"product_brand","embeddable":true,"href":"https:\/\/silenthome.com\/es\/wp-json\/wp\/v2\/product_brand?post=9262"},{"taxonomy":"product_cat","embeddable":true,"href":"https:\/\/silenthome.com\/es\/wp-json\/wp\/v2\/product_cat?post=9262"},{"taxonomy":"product_tag","embeddable":true,"href":"https:\/\/silenthome.com\/es\/wp-json\/wp\/v2\/product_tag?post=9262"}],"curies":[{"name":"wp","href":"https:\/\/api.w.org\/{rel}","templated":true}]}}