{"id":9237,"date":"2025-07-02T16:28:16","date_gmt":"2025-07-02T15:28:16","guid":{"rendered":"https:\/\/silenthome.com\/produto\/fray-almofada\/"},"modified":"2025-11-20T17:20:26","modified_gmt":"2025-11-20T17:20:26","slug":"fray-almofada","status":"publish","type":"product","link":"https:\/\/silenthome.com\/es\/producto\/fray-almofada\/","title":{"rendered":"FRAY, PILLOW"},"content":{"rendered":"","protected":false},"excerpt":{"rendered":"<p>Con su aspecto atrevido y su llamativa textura, este coj\u00edn de efecto trenzado es la opci\u00f3n ideal para quienes buscan un toque alternativo y elegante. Vers\u00e1til y lleno de personalidad, da vida a cualquier sof\u00e1, cama o rinc\u00f3n de lectura con una est\u00e9tica moderna y relajada.<\/p>","protected":false},"featured_media":9549,"comment_status":"open","ping_status":"closed","template":"","meta":{"_acf_changed":false},"product_brand":[],"product_cat":[72],"product_tag":[],"class_list":{"0":"post-9237","1":"product","2":"type-product","3":"status-publish","4":"has-post-thumbnail","6":"product_cat-almofadas","8":"first","9":"instock","10":"taxable","11":"shipping-taxable","12":"purchasable","13":"product-type-simple"},"acf":[],"aioseo_notices":[],"_links":{"self":[{"href":"https:\/\/silenthome.com\/es\/wp-json\/wp\/v2\/product\/9237","targetHints":{"allow":["GET"]}}],"collection":[{"href":"https:\/\/silenthome.com\/es\/wp-json\/wp\/v2\/product"}],"about":[{"href":"https:\/\/silenthome.com\/es\/wp-json\/wp\/v2\/types\/product"}],"replies":[{"embeddable":true,"href":"https:\/\/silenthome.com\/es\/wp-json\/wp\/v2\/comments?post=9237"}],"wp:featuredmedia":[{"embeddable":true,"href":"https:\/\/silenthome.com\/es\/wp-json\/wp\/v2\/media\/9549"}],"wp:attachment":[{"href":"https:\/\/silenthome.com\/es\/wp-json\/wp\/v2\/media?parent=9237"}],"wp:term":[{"taxonomy":"product_brand","embeddable":true,"href":"https:\/\/silenthome.com\/es\/wp-json\/wp\/v2\/product_brand?post=9237"},{"taxonomy":"product_cat","embeddable":true,"href":"https:\/\/silenthome.com\/es\/wp-json\/wp\/v2\/product_cat?post=9237"},{"taxonomy":"product_tag","embeddable":true,"href":"https:\/\/silenthome.com\/es\/wp-json\/wp\/v2\/product_tag?post=9237"}],"curies":[{"name":"wp","href":"https:\/\/api.w.org\/{rel}","templated":true}]}}