{"id":9235,"date":"2025-07-02T16:28:16","date_gmt":"2025-07-02T15:28:16","guid":{"rendered":"https:\/\/silenthome.com\/produto\/terracota-almofada-decorativa\/"},"modified":"2025-09-23T16:19:08","modified_gmt":"2025-09-23T15:19:08","slug":"terracota-almofada-decorativa","status":"publish","type":"product","link":"https:\/\/silenthome.com\/es\/producto\/terracota-almofada-decorativa\/","title":{"rendered":"TERRACOTA, COJ\u00cdN DECORATIVO"},"content":{"rendered":"","protected":false},"excerpt":{"rendered":"<p>Estilo boho y textura artesanal en uno. Este coj\u00edn de macram\u00e9 con detalle de flecos es perfecto para crear un ambiente acogedor lleno de encanto. Ideal para sof\u00e1s, camas o sillones, aporta movimiento y personalidad a tu decoraci\u00f3n.<\/p>","protected":false},"featured_media":9494,"comment_status":"open","ping_status":"closed","template":"","meta":{"_acf_changed":false},"product_brand":[],"product_cat":[72],"product_tag":[],"class_list":{"0":"post-9235","1":"product","2":"type-product","3":"status-publish","4":"has-post-thumbnail","6":"product_cat-almofadas","8":"first","9":"instock","10":"taxable","11":"shipping-taxable","12":"purchasable","13":"product-type-simple"},"acf":[],"aioseo_notices":[],"_links":{"self":[{"href":"https:\/\/silenthome.com\/es\/wp-json\/wp\/v2\/product\/9235","targetHints":{"allow":["GET"]}}],"collection":[{"href":"https:\/\/silenthome.com\/es\/wp-json\/wp\/v2\/product"}],"about":[{"href":"https:\/\/silenthome.com\/es\/wp-json\/wp\/v2\/types\/product"}],"replies":[{"embeddable":true,"href":"https:\/\/silenthome.com\/es\/wp-json\/wp\/v2\/comments?post=9235"}],"wp:featuredmedia":[{"embeddable":true,"href":"https:\/\/silenthome.com\/es\/wp-json\/wp\/v2\/media\/9494"}],"wp:attachment":[{"href":"https:\/\/silenthome.com\/es\/wp-json\/wp\/v2\/media?parent=9235"}],"wp:term":[{"taxonomy":"product_brand","embeddable":true,"href":"https:\/\/silenthome.com\/es\/wp-json\/wp\/v2\/product_brand?post=9235"},{"taxonomy":"product_cat","embeddable":true,"href":"https:\/\/silenthome.com\/es\/wp-json\/wp\/v2\/product_cat?post=9235"},{"taxonomy":"product_tag","embeddable":true,"href":"https:\/\/silenthome.com\/es\/wp-json\/wp\/v2\/product_tag?post=9235"}],"curies":[{"name":"wp","href":"https:\/\/api.w.org\/{rel}","templated":true}]}}