{"id":9233,"date":"2025-07-02T16:28:15","date_gmt":"2025-07-02T15:28:15","guid":{"rendered":"https:\/\/silenthome.com\/produto\/cordee-almofada-decorativa-franjas-e-cordas\/"},"modified":"2025-07-21T11:07:02","modified_gmt":"2025-07-21T10:07:02","slug":"cordee-almofada-decorativa-franjas-e-cordas","status":"publish","type":"product","link":"https:\/\/silenthome.com\/es\/producto\/cordee-almofada-decorativa-franjas-e-cordas\/","title":{"rendered":"COJ\u00cdN DECORATIVO DE CORD\u00c9E, FLECOS Y CUERDA"},"content":{"rendered":"","protected":false},"excerpt":{"rendered":"<p>Eleve el confort y el estilo de su decoraci\u00f3n con este coj\u00edn decorativo con flecos y cuerdas en movimiento zigzag. El tejido ofrece un tacto suave, mientras que el dise\u00f1o a\u00f1ade profundidad visual y un aire contempor\u00e1neo.<\/p>","protected":false},"featured_media":9684,"comment_status":"open","ping_status":"closed","template":"","meta":{"_acf_changed":false},"product_brand":[],"product_cat":[72],"product_tag":[],"class_list":{"0":"post-9233","1":"product","2":"type-product","3":"status-publish","4":"has-post-thumbnail","6":"product_cat-almofadas","8":"first","9":"instock","10":"taxable","11":"shipping-taxable","12":"purchasable","13":"product-type-simple"},"acf":[],"aioseo_notices":[],"_links":{"self":[{"href":"https:\/\/silenthome.com\/es\/wp-json\/wp\/v2\/product\/9233","targetHints":{"allow":["GET"]}}],"collection":[{"href":"https:\/\/silenthome.com\/es\/wp-json\/wp\/v2\/product"}],"about":[{"href":"https:\/\/silenthome.com\/es\/wp-json\/wp\/v2\/types\/product"}],"replies":[{"embeddable":true,"href":"https:\/\/silenthome.com\/es\/wp-json\/wp\/v2\/comments?post=9233"}],"wp:featuredmedia":[{"embeddable":true,"href":"https:\/\/silenthome.com\/es\/wp-json\/wp\/v2\/media\/9684"}],"wp:attachment":[{"href":"https:\/\/silenthome.com\/es\/wp-json\/wp\/v2\/media?parent=9233"}],"wp:term":[{"taxonomy":"product_brand","embeddable":true,"href":"https:\/\/silenthome.com\/es\/wp-json\/wp\/v2\/product_brand?post=9233"},{"taxonomy":"product_cat","embeddable":true,"href":"https:\/\/silenthome.com\/es\/wp-json\/wp\/v2\/product_cat?post=9233"},{"taxonomy":"product_tag","embeddable":true,"href":"https:\/\/silenthome.com\/es\/wp-json\/wp\/v2\/product_tag?post=9233"}],"curies":[{"name":"wp","href":"https:\/\/api.w.org\/{rel}","templated":true}]}}