{"id":9216,"date":"2025-07-02T16:28:08","date_gmt":"2025-07-02T15:28:08","guid":{"rendered":"https:\/\/silenthome.com\/produto\/orquidea-lilas\/"},"modified":"2025-11-01T11:59:17","modified_gmt":"2025-11-01T11:59:17","slug":"orquidea-lilas","status":"publish","type":"product","link":"https:\/\/silenthome.com\/es\/producto\/orquidea-lilas\/","title":{"rendered":"LILY ORCHID"},"content":{"rendered":"","protected":false},"excerpt":{"rendered":"<p>Transforme cualquier espacio con la delicadeza y el encanto de nuestras flores artificiales. Cuidadosamente dise\u00f1adas para reproducir con realismo los colores, texturas y formas de las flores naturales, estas piezas decorativas son ideales para quienes buscan un toque de frescura y sofisticaci\u00f3n. Perfectas para arreglos florales, centros de mesa o peque\u00f1os acentos decorativos, nuestras flores artificiales se adaptan a una gran variedad de estilos de interior, del cl\u00e1sico al contempor\u00e1neo, ofreciendo una soluci\u00f3n duradera y vers\u00e1til para decorar su hogar o entorno profesional.<\/p>","protected":false},"featured_media":9579,"comment_status":"open","ping_status":"closed","template":"","meta":{"_acf_changed":false},"product_brand":[],"product_cat":[104],"product_tag":[],"class_list":{"0":"post-9216","1":"product","2":"type-product","3":"status-publish","4":"has-post-thumbnail","6":"product_cat-plantas-e-flores-artificiais","8":"first","9":"instock","10":"taxable","11":"shipping-taxable","12":"purchasable","13":"product-type-simple"},"acf":[],"aioseo_notices":[],"_links":{"self":[{"href":"https:\/\/silenthome.com\/es\/wp-json\/wp\/v2\/product\/9216","targetHints":{"allow":["GET"]}}],"collection":[{"href":"https:\/\/silenthome.com\/es\/wp-json\/wp\/v2\/product"}],"about":[{"href":"https:\/\/silenthome.com\/es\/wp-json\/wp\/v2\/types\/product"}],"replies":[{"embeddable":true,"href":"https:\/\/silenthome.com\/es\/wp-json\/wp\/v2\/comments?post=9216"}],"wp:featuredmedia":[{"embeddable":true,"href":"https:\/\/silenthome.com\/es\/wp-json\/wp\/v2\/media\/9579"}],"wp:attachment":[{"href":"https:\/\/silenthome.com\/es\/wp-json\/wp\/v2\/media?parent=9216"}],"wp:term":[{"taxonomy":"product_brand","embeddable":true,"href":"https:\/\/silenthome.com\/es\/wp-json\/wp\/v2\/product_brand?post=9216"},{"taxonomy":"product_cat","embeddable":true,"href":"https:\/\/silenthome.com\/es\/wp-json\/wp\/v2\/product_cat?post=9216"},{"taxonomy":"product_tag","embeddable":true,"href":"https:\/\/silenthome.com\/es\/wp-json\/wp\/v2\/product_tag?post=9216"}],"curies":[{"name":"wp","href":"https:\/\/api.w.org\/{rel}","templated":true}]}}