{"id":9202,"date":"2025-07-02T16:22:08","date_gmt":"2025-07-02T15:22:08","guid":{"rendered":"https:\/\/silenthome.com\/produto\/flute-cristal\/"},"modified":"2025-08-26T17:28:26","modified_gmt":"2025-08-26T16:28:26","slug":"flute-cristal","status":"publish","type":"product","link":"https:\/\/silenthome.com\/es\/producto\/flute-cristal\/","title":{"rendered":"FLAUTA DE CRISTAL"},"content":{"rendered":"","protected":false},"excerpt":{"rendered":"<p>Elegancia y sofisticaci\u00f3n para sus regalos. La flauta de cristal tiene un dise\u00f1o alargado que realza la presentaci\u00f3n de la bebida y contribuye a un servicio m\u00e1s refinado. Perfecta para celebraciones, cenas y momentos especiales.<\/p>","protected":false},"featured_media":10004,"comment_status":"open","ping_status":"closed","template":"","meta":{"_acf_changed":false},"product_brand":[],"product_cat":[126,119],"product_tag":[],"class_list":{"0":"post-9202","1":"product","2":"type-product","3":"status-publish","4":"has-post-thumbnail","6":"product_cat-copos-e-jarros","7":"product_cat-mesa-e-cozinha","9":"first","10":"instock","11":"taxable","12":"shipping-taxable","13":"purchasable","14":"product-type-simple"},"acf":[],"aioseo_notices":[],"_links":{"self":[{"href":"https:\/\/silenthome.com\/es\/wp-json\/wp\/v2\/product\/9202","targetHints":{"allow":["GET"]}}],"collection":[{"href":"https:\/\/silenthome.com\/es\/wp-json\/wp\/v2\/product"}],"about":[{"href":"https:\/\/silenthome.com\/es\/wp-json\/wp\/v2\/types\/product"}],"replies":[{"embeddable":true,"href":"https:\/\/silenthome.com\/es\/wp-json\/wp\/v2\/comments?post=9202"}],"wp:featuredmedia":[{"embeddable":true,"href":"https:\/\/silenthome.com\/es\/wp-json\/wp\/v2\/media\/10004"}],"wp:attachment":[{"href":"https:\/\/silenthome.com\/es\/wp-json\/wp\/v2\/media?parent=9202"}],"wp:term":[{"taxonomy":"product_brand","embeddable":true,"href":"https:\/\/silenthome.com\/es\/wp-json\/wp\/v2\/product_brand?post=9202"},{"taxonomy":"product_cat","embeddable":true,"href":"https:\/\/silenthome.com\/es\/wp-json\/wp\/v2\/product_cat?post=9202"},{"taxonomy":"product_tag","embeddable":true,"href":"https:\/\/silenthome.com\/es\/wp-json\/wp\/v2\/product_tag?post=9202"}],"curies":[{"name":"wp","href":"https:\/\/api.w.org\/{rel}","templated":true}]}}