{"id":8905,"date":"2025-06-04T14:46:40","date_gmt":"2025-06-04T13:46:40","guid":{"rendered":"https:\/\/silenthome.com\/produto\/a-man-and-his-kitchen-livro\/"},"modified":"2026-04-23T19:16:17","modified_gmt":"2026-04-23T18:16:17","slug":"a-man-and-his-kitchen-livro","status":"publish","type":"product","link":"https:\/\/silenthome.com\/es\/producto\/a-man-and-his-kitchen-livro\/","title":{"rendered":"Un hombre y su cocina, Libro"},"content":{"rendered":"","protected":false},"excerpt":{"rendered":"<p>Man &amp; His Kitchen es como una invitaci\u00f3n al <strong>refugio rural<\/strong> La legendaria granja de Matt, Wm Brown Farm, al norte del estado de Nueva York, para aprender a cocinar. <strong>m\u00e1s de cien recetas<\/strong> que considera sus mayores \u00e9xitos: platos sencillos, directos y, sobre todo, <strong>deliciosa comida para alimentarte a ti mismo, a tu familia y a tus amigos.<\/strong> Aqu\u00ed no hay nada preciado, ni modas pasajeras, s\u00f3lo comida cl\u00e1sica y realmente buena que, al fin y al cabo, es lo \u00fanico que cualquiera quiere comer: Rollitos de langosta, Costillas en escabeche, Pollo asado con patatas, Gravlax, Ensalada de achicoria picada con vinagreta de anchoas, Moules Marini\u00e8res, Paccheri con gambas, Tortilla al estilo Diner americano, Risotto de porcini, y ese filete - en realidad, dos: Filete de costilla a la parrilla para uno y Steak au Poivre con ensalada de perejil. Y la cantidad justa de postres para tener bajo la manga, incluyendo Galette de frutos rojos, Tarta de chocolate sin harina, y observaciones sobre la importancia de mantener una reserva de polos Klondike en el congelador.<\/p>","protected":false},"featured_media":8922,"comment_status":"open","ping_status":"closed","template":"","meta":{"_acf_changed":false},"product_brand":[],"product_cat":[113],"product_tag":[],"class_list":{"0":"post-8905","1":"product","2":"type-product","3":"status-publish","4":"has-post-thumbnail","6":"product_cat-livros","8":"first","9":"instock","10":"taxable","11":"shipping-taxable","12":"purchasable","13":"product-type-simple"},"acf":[],"aioseo_notices":[],"_links":{"self":[{"href":"https:\/\/silenthome.com\/es\/wp-json\/wp\/v2\/product\/8905","targetHints":{"allow":["GET"]}}],"collection":[{"href":"https:\/\/silenthome.com\/es\/wp-json\/wp\/v2\/product"}],"about":[{"href":"https:\/\/silenthome.com\/es\/wp-json\/wp\/v2\/types\/product"}],"replies":[{"embeddable":true,"href":"https:\/\/silenthome.com\/es\/wp-json\/wp\/v2\/comments?post=8905"}],"wp:featuredmedia":[{"embeddable":true,"href":"https:\/\/silenthome.com\/es\/wp-json\/wp\/v2\/media\/8922"}],"wp:attachment":[{"href":"https:\/\/silenthome.com\/es\/wp-json\/wp\/v2\/media?parent=8905"}],"wp:term":[{"taxonomy":"product_brand","embeddable":true,"href":"https:\/\/silenthome.com\/es\/wp-json\/wp\/v2\/product_brand?post=8905"},{"taxonomy":"product_cat","embeddable":true,"href":"https:\/\/silenthome.com\/es\/wp-json\/wp\/v2\/product_cat?post=8905"},{"taxonomy":"product_tag","embeddable":true,"href":"https:\/\/silenthome.com\/es\/wp-json\/wp\/v2\/product_tag?post=8905"}],"curies":[{"name":"wp","href":"https:\/\/api.w.org\/{rel}","templated":true}]}}