{"id":8904,"date":"2025-06-04T14:46:40","date_gmt":"2025-06-04T13:46:40","guid":{"rendered":"https:\/\/silenthome.com\/produto\/a-man-and-his-car-livro\/"},"modified":"2026-04-23T19:16:16","modified_gmt":"2026-04-23T18:16:16","slug":"a-man-and-his-car-livro","status":"publish","type":"product","link":"https:\/\/silenthome.com\/es\/producto\/a-man-and-his-car-livro\/","title":{"rendered":"Un hombre y su coche, Libro"},"content":{"rendered":"","protected":false},"excerpt":{"rendered":"<p>Descubra al actor y director Ed Burns hablando de su <strong>1969 Oldsmobile Cutlass Supreme<\/strong>un modelo con el que so\u00f1aba desde que trabajaba como conductor de gasolina. <strong>coches<\/strong>. A la leyenda de la NBA Shaquille O'Neal, cuyo tipo de coche favorito es una furgoneta, le encanta el impacto visual de un autom\u00f3vil. <strong>Serie CV internacional 6.6<\/strong>. O Jay Leno, con su <strong>1955 Buick Roadmaster<\/strong>Era lo bastante espaciosa para que durmiera dentro mientras intentaba hacerse un nombre como c\u00f3mico. Con <strong>fotos impresionantes<\/strong> tanto veh\u00edculos completos como <strong>detalles exquisitos<\/strong> que hacen latir el coraz\u00f3n de los aficionados un poco m\u00e1s r\u00e1pido, y m\u00e1s de 80 historias personales, este libro es una aut\u00e9ntica delicia para cualquier lector que sepa que <strong>un coche nunca es s\u00f3lo un coche<\/strong>.<\/p>","protected":false},"featured_media":8921,"comment_status":"open","ping_status":"closed","template":"","meta":{"_acf_changed":false},"product_brand":[],"product_cat":[113],"product_tag":[],"class_list":{"0":"post-8904","1":"product","2":"type-product","3":"status-publish","4":"has-post-thumbnail","6":"product_cat-livros","8":"first","9":"instock","10":"taxable","11":"shipping-taxable","12":"purchasable","13":"product-type-simple"},"acf":[],"aioseo_notices":[],"_links":{"self":[{"href":"https:\/\/silenthome.com\/es\/wp-json\/wp\/v2\/product\/8904","targetHints":{"allow":["GET"]}}],"collection":[{"href":"https:\/\/silenthome.com\/es\/wp-json\/wp\/v2\/product"}],"about":[{"href":"https:\/\/silenthome.com\/es\/wp-json\/wp\/v2\/types\/product"}],"replies":[{"embeddable":true,"href":"https:\/\/silenthome.com\/es\/wp-json\/wp\/v2\/comments?post=8904"}],"wp:featuredmedia":[{"embeddable":true,"href":"https:\/\/silenthome.com\/es\/wp-json\/wp\/v2\/media\/8921"}],"wp:attachment":[{"href":"https:\/\/silenthome.com\/es\/wp-json\/wp\/v2\/media?parent=8904"}],"wp:term":[{"taxonomy":"product_brand","embeddable":true,"href":"https:\/\/silenthome.com\/es\/wp-json\/wp\/v2\/product_brand?post=8904"},{"taxonomy":"product_cat","embeddable":true,"href":"https:\/\/silenthome.com\/es\/wp-json\/wp\/v2\/product_cat?post=8904"},{"taxonomy":"product_tag","embeddable":true,"href":"https:\/\/silenthome.com\/es\/wp-json\/wp\/v2\/product_tag?post=8904"}],"curies":[{"name":"wp","href":"https:\/\/api.w.org\/{rel}","templated":true}]}}