{"id":8903,"date":"2025-06-04T14:46:39","date_gmt":"2025-06-04T13:46:39","guid":{"rendered":"https:\/\/silenthome.com\/produto\/yves-saint-laurent-catwalk-livro\/"},"modified":"2026-04-23T19:16:19","modified_gmt":"2026-04-23T18:16:19","slug":"yves-saint-laurent-catwalk-livro","status":"publish","type":"product","link":"https:\/\/silenthome.com\/es\/producto\/yves-saint-laurent-catwalk-livro\/","title":{"rendered":"Pasarela Yves Saint Laurent, Libro"},"content":{"rendered":"","protected":false},"excerpt":{"rendered":"<p>Fundada por <strong>Yves Saint Laurent y Pierre Berg<\/strong>fue en 1961, poco despu\u00e9s de que el joven modisto dejara su trabajo en <strong>La direcci\u00f3n de Christian Dior<\/strong>Yves Saint Laurent se convertir\u00eda r\u00e1pidamente en una de las casas de alta costura m\u00e1s exitosas e influyentes de Par\u00eds. En 1966, cuando present\u00f3 Le Smoking, el primer traje de chaqueta para mujer, Saint Laurent<strong> revolucion\u00f3 la moda y cre\u00f3 piezas ic\u00f3nicas inspiradas en el arte.<\/strong>de vestidos <strong>Mondrian<\/strong> a la preciosa <strong>Bordado Van Gogh<\/strong> y el famoso <strong>Ballets Rusos<\/strong>.<\/p>\n<p>Esta publicaci\u00f3n definitiva comienza con una breve <strong>historia de la casa<\/strong>seguido de un <strong>perfil biogr\u00e1fico<\/strong> El libro presenta una visi\u00f3n general de Yves Saint Laurent, antes de explorar las colecciones en s\u00ed, organizadas cronol\u00f3gicamente. Cada colecci\u00f3n se presenta con un breve texto que revela sus influencias y aspectos m\u00e1s destacados, y se ilustra con una galer\u00eda de im\u00e1genes de pasarela cuidadosamente seleccionadas. Estas im\u00e1genes muestran<strong> cientos de trajes espectaculares, detalles, accesorios, looks de belleza y escenograf\u00edas<\/strong> - y, por supuesto, las principales modelos que los presentaron en la pasarela.<\/p>\n<p>El libro concluye con una rica secci\u00f3n de referencias.<\/p>","protected":false},"featured_media":8932,"comment_status":"open","ping_status":"closed","template":"","meta":{"_acf_changed":false},"product_brand":[],"product_cat":[113],"product_tag":[],"class_list":{"0":"post-8903","1":"product","2":"type-product","3":"status-publish","4":"has-post-thumbnail","6":"product_cat-livros","8":"first","9":"instock","10":"taxable","11":"shipping-taxable","12":"purchasable","13":"product-type-simple"},"acf":[],"aioseo_notices":[],"_links":{"self":[{"href":"https:\/\/silenthome.com\/es\/wp-json\/wp\/v2\/product\/8903","targetHints":{"allow":["GET"]}}],"collection":[{"href":"https:\/\/silenthome.com\/es\/wp-json\/wp\/v2\/product"}],"about":[{"href":"https:\/\/silenthome.com\/es\/wp-json\/wp\/v2\/types\/product"}],"replies":[{"embeddable":true,"href":"https:\/\/silenthome.com\/es\/wp-json\/wp\/v2\/comments?post=8903"}],"wp:featuredmedia":[{"embeddable":true,"href":"https:\/\/silenthome.com\/es\/wp-json\/wp\/v2\/media\/8932"}],"wp:attachment":[{"href":"https:\/\/silenthome.com\/es\/wp-json\/wp\/v2\/media?parent=8903"}],"wp:term":[{"taxonomy":"product_brand","embeddable":true,"href":"https:\/\/silenthome.com\/es\/wp-json\/wp\/v2\/product_brand?post=8903"},{"taxonomy":"product_cat","embeddable":true,"href":"https:\/\/silenthome.com\/es\/wp-json\/wp\/v2\/product_cat?post=8903"},{"taxonomy":"product_tag","embeddable":true,"href":"https:\/\/silenthome.com\/es\/wp-json\/wp\/v2\/product_tag?post=8903"}],"curies":[{"name":"wp","href":"https:\/\/api.w.org\/{rel}","templated":true}]}}