{"id":8757,"date":"2025-05-28T14:30:00","date_gmt":"2025-05-28T13:30:00","guid":{"rendered":"https:\/\/silenthome.com\/produto\/mali-espelho-com-efeito-palha\/"},"modified":"2026-03-27T12:12:51","modified_gmt":"2026-03-27T12:12:51","slug":"mali-espelho-com-efeito-palha","status":"publish","type":"product","link":"https:\/\/silenthome.com\/es\/producto\/mali-espelho-com-efeito-palha\/","title":{"rendered":"Mali, Espejo efecto paja"},"content":{"rendered":"","protected":false},"excerpt":{"rendered":"<p>Espejo de pared Mali con detalles de color <strong>es la elecci\u00f3n ideal para quienes buscan un toque artesanal y vibrante para su decoraci\u00f3n.<\/strong> Con un dise\u00f1o original y atractivo, esta pieza combina tonos c\u00e1lidos de naranja, beige y turquesa, a\u00f1adiendo personalidad y alegr\u00eda a la habitaci\u00f3n. Su relajado estilo boho es perfecto para espacios que apuestan por la autenticidad y el confort visual.<\/p>","protected":false},"featured_media":8828,"comment_status":"open","ping_status":"closed","template":"","meta":{"_acf_changed":false},"product_brand":[],"product_cat":[90],"product_tag":[],"class_list":{"0":"post-8757","1":"product","2":"type-product","3":"status-publish","4":"has-post-thumbnail","6":"product_cat-espelhos","8":"first","9":"instock","10":"taxable","11":"shipping-taxable","12":"purchasable","13":"product-type-simple"},"acf":[],"aioseo_notices":[],"_links":{"self":[{"href":"https:\/\/silenthome.com\/es\/wp-json\/wp\/v2\/product\/8757","targetHints":{"allow":["GET"]}}],"collection":[{"href":"https:\/\/silenthome.com\/es\/wp-json\/wp\/v2\/product"}],"about":[{"href":"https:\/\/silenthome.com\/es\/wp-json\/wp\/v2\/types\/product"}],"replies":[{"embeddable":true,"href":"https:\/\/silenthome.com\/es\/wp-json\/wp\/v2\/comments?post=8757"}],"wp:featuredmedia":[{"embeddable":true,"href":"https:\/\/silenthome.com\/es\/wp-json\/wp\/v2\/media\/8828"}],"wp:attachment":[{"href":"https:\/\/silenthome.com\/es\/wp-json\/wp\/v2\/media?parent=8757"}],"wp:term":[{"taxonomy":"product_brand","embeddable":true,"href":"https:\/\/silenthome.com\/es\/wp-json\/wp\/v2\/product_brand?post=8757"},{"taxonomy":"product_cat","embeddable":true,"href":"https:\/\/silenthome.com\/es\/wp-json\/wp\/v2\/product_cat?post=8757"},{"taxonomy":"product_tag","embeddable":true,"href":"https:\/\/silenthome.com\/es\/wp-json\/wp\/v2\/product_tag?post=8757"}],"curies":[{"name":"wp","href":"https:\/\/api.w.org\/{rel}","templated":true}]}}