{"id":8700,"date":"2025-05-27T10:37:58","date_gmt":"2025-05-27T09:37:58","guid":{"rendered":"https:\/\/silenthome.com\/produto\/modular-mondrian-i-quadro-em-fios-de-algodao-50x25x70\/"},"modified":"2026-04-01T11:32:35","modified_gmt":"2026-04-01T10:32:35","slug":"modular-mondrian-i-quadro-em-fios-de-algodao-50x25x70","status":"publish","type":"product","link":"https:\/\/silenthome.com\/es\/producto\/modular-mondrian-i-quadro-em-fios-de-algodao-50x25x70\/","title":{"rendered":"MONDRIAN I MODULAR, MARCO DE ALGOD\u00d3N 50X70 cm"},"content":{"rendered":"","protected":false},"excerpt":{"rendered":"<p>Este cuadro tiene una est\u00e9tica inspirada en el estilo de Piet Mondrian, con bloques geom\u00e9tricos y colores primarios. Es una elecci\u00f3n perfecta para quienes deseen a\u00f1adir un toque de arte moderno y sofisticaci\u00f3n a su espacio.<strong> Ideal para decorar salones, dormitorios, despachos o pasillos, se adapta armoniosamente a diferentes estilos de decoraci\u00f3n.<\/strong><\/p>","protected":false},"featured_media":8999,"comment_status":"open","ping_status":"closed","template":"","meta":{"_acf_changed":false},"product_brand":[],"product_cat":[71],"product_tag":[],"class_list":{"0":"post-8700","1":"product","2":"type-product","3":"status-publish","4":"has-post-thumbnail","6":"product_cat-arte","8":"first","9":"instock","10":"taxable","11":"shipping-taxable","12":"purchasable","13":"product-type-simple"},"acf":[],"aioseo_notices":[],"_links":{"self":[{"href":"https:\/\/silenthome.com\/es\/wp-json\/wp\/v2\/product\/8700","targetHints":{"allow":["GET"]}}],"collection":[{"href":"https:\/\/silenthome.com\/es\/wp-json\/wp\/v2\/product"}],"about":[{"href":"https:\/\/silenthome.com\/es\/wp-json\/wp\/v2\/types\/product"}],"replies":[{"embeddable":true,"href":"https:\/\/silenthome.com\/es\/wp-json\/wp\/v2\/comments?post=8700"}],"wp:featuredmedia":[{"embeddable":true,"href":"https:\/\/silenthome.com\/es\/wp-json\/wp\/v2\/media\/8999"}],"wp:attachment":[{"href":"https:\/\/silenthome.com\/es\/wp-json\/wp\/v2\/media?parent=8700"}],"wp:term":[{"taxonomy":"product_brand","embeddable":true,"href":"https:\/\/silenthome.com\/es\/wp-json\/wp\/v2\/product_brand?post=8700"},{"taxonomy":"product_cat","embeddable":true,"href":"https:\/\/silenthome.com\/es\/wp-json\/wp\/v2\/product_cat?post=8700"},{"taxonomy":"product_tag","embeddable":true,"href":"https:\/\/silenthome.com\/es\/wp-json\/wp\/v2\/product_tag?post=8700"}],"curies":[{"name":"wp","href":"https:\/\/api.w.org\/{rel}","templated":true}]}}