{"id":8697,"date":"2025-05-27T10:37:57","date_gmt":"2025-05-27T09:37:57","guid":{"rendered":"https:\/\/silenthome.com\/produto\/canvas-abstract-quadro-decorativo-bege-55x4x75\/"},"modified":"2026-04-01T11:32:04","modified_gmt":"2026-04-01T10:32:04","slug":"canvas-abstract-quadro-decorativo-bege-55x4x75","status":"publish","type":"product","link":"https:\/\/silenthome.com\/es\/producto\/canvas-abstract-quadro-decorativo-bege-55x4x75\/","title":{"rendered":"LIENZO ABSTRACTO, BEIGE MESA DECORATIVA 55X75 cm"},"content":{"rendered":"","protected":false},"excerpt":{"rendered":"<p>Decora tu pared con el cuadro Abstracto en lienzo, que transformar\u00e1 el ambiente de tu hogar.<br \/>\n<strong>Este cuadro decorativo en lienzo de color beige es ideal para colocar detr\u00e1s de la mesa del comedor, en el dormitorio o en el recibidor.<\/strong> Su presencia a\u00f1ade un toque art\u00edstico al espacio y realza la sofisticaci\u00f3n de la decoraci\u00f3n circundante.<\/p>","protected":false},"featured_media":9003,"comment_status":"open","ping_status":"closed","template":"","meta":{"_acf_changed":false},"product_brand":[],"product_cat":[71],"product_tag":[],"class_list":{"0":"post-8697","1":"product","2":"type-product","3":"status-publish","4":"has-post-thumbnail","6":"product_cat-arte","8":"first","9":"instock","10":"taxable","11":"shipping-taxable","12":"purchasable","13":"product-type-simple"},"acf":[],"aioseo_notices":[],"_links":{"self":[{"href":"https:\/\/silenthome.com\/es\/wp-json\/wp\/v2\/product\/8697","targetHints":{"allow":["GET"]}}],"collection":[{"href":"https:\/\/silenthome.com\/es\/wp-json\/wp\/v2\/product"}],"about":[{"href":"https:\/\/silenthome.com\/es\/wp-json\/wp\/v2\/types\/product"}],"replies":[{"embeddable":true,"href":"https:\/\/silenthome.com\/es\/wp-json\/wp\/v2\/comments?post=8697"}],"wp:featuredmedia":[{"embeddable":true,"href":"https:\/\/silenthome.com\/es\/wp-json\/wp\/v2\/media\/9003"}],"wp:attachment":[{"href":"https:\/\/silenthome.com\/es\/wp-json\/wp\/v2\/media?parent=8697"}],"wp:term":[{"taxonomy":"product_brand","embeddable":true,"href":"https:\/\/silenthome.com\/es\/wp-json\/wp\/v2\/product_brand?post=8697"},{"taxonomy":"product_cat","embeddable":true,"href":"https:\/\/silenthome.com\/es\/wp-json\/wp\/v2\/product_cat?post=8697"},{"taxonomy":"product_tag","embeddable":true,"href":"https:\/\/silenthome.com\/es\/wp-json\/wp\/v2\/product_tag?post=8697"}],"curies":[{"name":"wp","href":"https:\/\/api.w.org\/{rel}","templated":true}]}}