{"id":8694,"date":"2025-05-27T10:37:55","date_gmt":"2025-05-27T09:37:55","guid":{"rendered":"https:\/\/silenthome.com\/produto\/ciao-quadro-decorativo-pintado-a-mao-103x45x143\/"},"modified":"2026-03-10T16:19:59","modified_gmt":"2026-03-10T16:19:59","slug":"ciao-quadro-decorativo-pintado-a-mao-103x45x143","status":"publish","type":"product","link":"https:\/\/silenthome.com\/es\/producto\/ciao-quadro-decorativo-pintado-a-mao-103x45x143\/","title":{"rendered":"CIAO, MARCO DECORATIVO PINTADO A MANO 103X143 cm"},"content":{"rendered":"","protected":false},"excerpt":{"rendered":"<p>M\u00e1s que una pieza decorativa, el marco Ciao es una expresi\u00f3n de sentimientos. <strong>Pintado a mano, cada trazo revela intenci\u00f3n, textura y autenticidad, con detalles \u00fanicos y un acabado verdaderamente art\u00edstico.<\/strong> Perfecto para quienes valoran el arte con alma.<\/p>","protected":false},"featured_media":9012,"comment_status":"open","ping_status":"closed","template":"","meta":{"_acf_changed":false},"product_brand":[],"product_cat":[71,164],"product_tag":[],"class_list":{"0":"post-8694","1":"product","2":"type-product","3":"status-publish","4":"has-post-thumbnail","6":"product_cat-arte","7":"product_cat-promocoes","9":"first","10":"instock","11":"taxable","12":"shipping-taxable","13":"purchasable","14":"product-type-simple"},"acf":[],"aioseo_notices":[],"_links":{"self":[{"href":"https:\/\/silenthome.com\/es\/wp-json\/wp\/v2\/product\/8694","targetHints":{"allow":["GET"]}}],"collection":[{"href":"https:\/\/silenthome.com\/es\/wp-json\/wp\/v2\/product"}],"about":[{"href":"https:\/\/silenthome.com\/es\/wp-json\/wp\/v2\/types\/product"}],"replies":[{"embeddable":true,"href":"https:\/\/silenthome.com\/es\/wp-json\/wp\/v2\/comments?post=8694"}],"wp:featuredmedia":[{"embeddable":true,"href":"https:\/\/silenthome.com\/es\/wp-json\/wp\/v2\/media\/9012"}],"wp:attachment":[{"href":"https:\/\/silenthome.com\/es\/wp-json\/wp\/v2\/media?parent=8694"}],"wp:term":[{"taxonomy":"product_brand","embeddable":true,"href":"https:\/\/silenthome.com\/es\/wp-json\/wp\/v2\/product_brand?post=8694"},{"taxonomy":"product_cat","embeddable":true,"href":"https:\/\/silenthome.com\/es\/wp-json\/wp\/v2\/product_cat?post=8694"},{"taxonomy":"product_tag","embeddable":true,"href":"https:\/\/silenthome.com\/es\/wp-json\/wp\/v2\/product_tag?post=8694"}],"curies":[{"name":"wp","href":"https:\/\/api.w.org\/{rel}","templated":true}]}}