{"id":853,"date":"2024-04-16T11:03:31","date_gmt":"2024-04-16T10:03:31","guid":{"rendered":"https:\/\/silenthome.com\/produto\/creme-de-maos-bulgarian-rose-oud-500-ml\/"},"modified":"2026-04-18T20:48:14","modified_gmt":"2026-04-18T19:48:14","slug":"creme-de-maos-bulgarian-rose-oud-500-ml","status":"publish","type":"product","link":"https:\/\/silenthome.com\/es\/producto\/creme-de-maos-bulgarian-rose-oud-500-ml\/","title":{"rendered":"Crema de Manos Rosa B\u00falgara y Oud 500 ml Cereria Moll\u00e1 1899"},"content":{"rendered":"<p>Una combinaci\u00f3n de saber hacer artesanal desde 1899 y materias primas de alta calidad hacen que los productos CERERIA MOLL\u00c1 sean equilibrados y ecol\u00f3gicos, exhalando las fragancias cuidadosamente seleccionadas por los maestros perfumistas.<\/p>\n<p><strong>Pir\u00e1mide olfativa:<\/strong><\/p>\n<p>Notas de salida: rosa, miel, clavel<br \/>\nNotas de Cuerpo: S\u00e1ndalo, Cedro, Jazm\u00edn, Pachul\u00ed<br \/>\nNotas de Fondo: Az\u00facar tostado, almizcle, madera seca<\/p>","protected":false},"excerpt":{"rendered":"<p>Crema de manos y cuerpo<strong> 500 ml,<\/strong> en el aroma <strong>Rosa b\u00falgara<\/strong>un perfume con <strong>toque dulce<\/strong> e <strong>aterciopelado<\/strong>. La combinaci\u00f3n perfecta de <strong>rosas<\/strong> de Bulgaria y Oud, una fragancia <strong>sofisticado<\/strong> e <strong>distinto<\/strong>.<\/p>","protected":false},"featured_media":635,"comment_status":"open","ping_status":"closed","template":"","meta":{"_acf_changed":false},"product_brand":[],"product_cat":[57,52],"product_tag":[],"class_list":{"0":"post-853","1":"product","2":"type-product","3":"status-publish","4":"has-post-thumbnail","6":"product_cat-cosmeticos","7":"product_cat-fragrancias","9":"first","10":"instock","11":"taxable","12":"shipping-taxable","13":"purchasable","14":"product-type-simple"},"acf":[],"aioseo_notices":[],"_links":{"self":[{"href":"https:\/\/silenthome.com\/es\/wp-json\/wp\/v2\/product\/853","targetHints":{"allow":["GET"]}}],"collection":[{"href":"https:\/\/silenthome.com\/es\/wp-json\/wp\/v2\/product"}],"about":[{"href":"https:\/\/silenthome.com\/es\/wp-json\/wp\/v2\/types\/product"}],"replies":[{"embeddable":true,"href":"https:\/\/silenthome.com\/es\/wp-json\/wp\/v2\/comments?post=853"}],"wp:featuredmedia":[{"embeddable":true,"href":"https:\/\/silenthome.com\/es\/wp-json\/wp\/v2\/media\/635"}],"wp:attachment":[{"href":"https:\/\/silenthome.com\/es\/wp-json\/wp\/v2\/media?parent=853"}],"wp:term":[{"taxonomy":"product_brand","embeddable":true,"href":"https:\/\/silenthome.com\/es\/wp-json\/wp\/v2\/product_brand?post=853"},{"taxonomy":"product_cat","embeddable":true,"href":"https:\/\/silenthome.com\/es\/wp-json\/wp\/v2\/product_cat?post=853"},{"taxonomy":"product_tag","embeddable":true,"href":"https:\/\/silenthome.com\/es\/wp-json\/wp\/v2\/product_tag?post=853"}],"curies":[{"name":"wp","href":"https:\/\/api.w.org\/{rel}","templated":true}]}}