{"id":852,"date":"2024-04-16T11:03:29","date_gmt":"2024-04-16T10:03:29","guid":{"rendered":"https:\/\/silenthome.com\/produto\/difusor-velvet-wood-3000-ml\/"},"modified":"2026-04-16T15:08:01","modified_gmt":"2026-04-16T14:08:01","slug":"difusor-velvet-wood-3000-ml","status":"publish","type":"product","link":"https:\/\/silenthome.com\/es\/producto\/difusor-velvet-wood-3000-ml\/","title":{"rendered":"Difusor Terciopelo Madera 3000 ml Cereria Moll\u00e1 1899"},"content":{"rendered":"<p>Una combinaci\u00f3n de saber hacer artesanal desde 1899 y materias primas de alta calidad hacen que los productos CERERIA MOLL\u00c1 sean equilibrados y ecol\u00f3gicos, exhalando las fragancias cuidadosamente seleccionadas por los maestros perfumistas.<\/p>\n<p><strong>Pir\u00e1mide olfativa:<\/strong><\/p>\n<p>Notas de Salida: Notas especiadas, Lavanda, Comino<br \/>\nNotas de Cuerpo: \u00c1mbar, Cedro, Vetiver, Almizcle<br \/>\nNotas de Fondo: Vainilla, Tabaco<\/p>","protected":false},"excerpt":{"rendered":"<p>Difusor ambientador <strong>3000 ml<\/strong>en el aroma <strong>Madera de terciopelo.<\/strong> Una combinaci\u00f3n de acordes distintos y arom\u00e1ticos donde el <strong>chiles<\/strong> e <strong>madera<\/strong> mezclar con el <strong>lavanda<\/strong> para conseguir una mezcla profunda. A <strong>vainilla<\/strong> suaviza <strong>tonos tabaco<\/strong> de la base y le da un <strong>acogedor y confortable<\/strong> a la fragancia.<\/p>","protected":false},"featured_media":698,"comment_status":"open","ping_status":"closed","template":"","meta":{"_acf_changed":false},"product_brand":[],"product_cat":[54,52],"product_tag":[],"class_list":{"0":"post-852","1":"product","2":"type-product","3":"status-publish","4":"has-post-thumbnail","6":"product_cat-difusores","7":"product_cat-fragrancias","9":"first","10":"instock","11":"taxable","12":"shipping-taxable","13":"purchasable","14":"product-type-simple"},"acf":[],"aioseo_notices":[],"_links":{"self":[{"href":"https:\/\/silenthome.com\/es\/wp-json\/wp\/v2\/product\/852","targetHints":{"allow":["GET"]}}],"collection":[{"href":"https:\/\/silenthome.com\/es\/wp-json\/wp\/v2\/product"}],"about":[{"href":"https:\/\/silenthome.com\/es\/wp-json\/wp\/v2\/types\/product"}],"replies":[{"embeddable":true,"href":"https:\/\/silenthome.com\/es\/wp-json\/wp\/v2\/comments?post=852"}],"wp:featuredmedia":[{"embeddable":true,"href":"https:\/\/silenthome.com\/es\/wp-json\/wp\/v2\/media\/698"}],"wp:attachment":[{"href":"https:\/\/silenthome.com\/es\/wp-json\/wp\/v2\/media?parent=852"}],"wp:term":[{"taxonomy":"product_brand","embeddable":true,"href":"https:\/\/silenthome.com\/es\/wp-json\/wp\/v2\/product_brand?post=852"},{"taxonomy":"product_cat","embeddable":true,"href":"https:\/\/silenthome.com\/es\/wp-json\/wp\/v2\/product_cat?post=852"},{"taxonomy":"product_tag","embeddable":true,"href":"https:\/\/silenthome.com\/es\/wp-json\/wp\/v2\/product_tag?post=852"}],"curies":[{"name":"wp","href":"https:\/\/api.w.org\/{rel}","templated":true}]}}