{"id":839,"date":"2024-04-16T10:47:40","date_gmt":"2024-04-16T09:47:40","guid":{"rendered":"https:\/\/silenthome.com\/produto\/conjunto-vela-perfume-e-difusor-grapefruit\/"},"modified":"2026-02-01T10:36:00","modified_gmt":"2026-02-01T10:36:00","slug":"conjunto-vela-perfume-e-difusor-grapefruit","status":"publish","type":"product","link":"https:\/\/silenthome.com\/es\/producto\/conjunto-vela-perfume-e-difusor-grapefruit\/","title":{"rendered":"Set de Vela, Perfume y Difusor GRAPEFRUIT Cereria Moll\u00e1 1899"},"content":{"rendered":"<p>Una combinaci\u00f3n de saber hacer artesanal desde 1899 y materias primas de alta calidad hacen que los productos CERERIA MOLL\u00c1 sean equilibrados y ecol\u00f3gicos, exhalando las fragancias cuidadosamente seleccionadas por los maestros perfumistas.<\/p>\n<p><strong>Pir\u00e1mide olfativa:<\/strong><\/p>\n<p>Notas de Salida: Frutos rojos, Goji, Pomelo<br \/>\nNotas de cuerpo: Zarzamora, laurel, lirio de los valles<br \/>\nNotas de Fondo: S\u00e1ndalo, Vetiver, Almizcle<\/p>","protected":false},"excerpt":{"rendered":"<p>Juego de <strong>3 art\u00edculos<\/strong>incluye vela arom\u00e1tica 230 gr, perfume para el hogar y bruma corporal 100 ml y difusor 100 ml, en la fragancia <strong>Pomelo y laurel<\/strong>un perfume con un ligero aroma <strong>afrutado<\/strong>. Una fragancia <strong>\u00fanico<\/strong> que le traer\u00e1n la energ\u00eda de la naturaleza a usted y a su hogar.<\/p>","protected":false},"featured_media":661,"comment_status":"open","ping_status":"closed","template":"","meta":{"_acf_changed":false},"product_brand":[],"product_cat":[58,52,164],"product_tag":[],"class_list":{"0":"post-839","1":"product","2":"type-product","3":"status-publish","4":"has-post-thumbnail","6":"product_cat-conjuntos-e-acessorios","7":"product_cat-fragrancias","8":"product_cat-promocoes","10":"first","11":"instock","12":"taxable","13":"shipping-taxable","14":"purchasable","15":"product-type-simple"},"acf":[],"aioseo_notices":[],"_links":{"self":[{"href":"https:\/\/silenthome.com\/es\/wp-json\/wp\/v2\/product\/839","targetHints":{"allow":["GET"]}}],"collection":[{"href":"https:\/\/silenthome.com\/es\/wp-json\/wp\/v2\/product"}],"about":[{"href":"https:\/\/silenthome.com\/es\/wp-json\/wp\/v2\/types\/product"}],"replies":[{"embeddable":true,"href":"https:\/\/silenthome.com\/es\/wp-json\/wp\/v2\/comments?post=839"}],"wp:featuredmedia":[{"embeddable":true,"href":"https:\/\/silenthome.com\/es\/wp-json\/wp\/v2\/media\/661"}],"wp:attachment":[{"href":"https:\/\/silenthome.com\/es\/wp-json\/wp\/v2\/media?parent=839"}],"wp:term":[{"taxonomy":"product_brand","embeddable":true,"href":"https:\/\/silenthome.com\/es\/wp-json\/wp\/v2\/product_brand?post=839"},{"taxonomy":"product_cat","embeddable":true,"href":"https:\/\/silenthome.com\/es\/wp-json\/wp\/v2\/product_cat?post=839"},{"taxonomy":"product_tag","embeddable":true,"href":"https:\/\/silenthome.com\/es\/wp-json\/wp\/v2\/product_tag?post=839"}],"curies":[{"name":"wp","href":"https:\/\/api.w.org\/{rel}","templated":true}]}}