{"id":8279,"date":"2025-04-22T17:42:44","date_gmt":"2025-04-22T16:42:44","guid":{"rendered":"https:\/\/silenthome.com\/produto\/nazar-set-de-4-porta-copos\/"},"modified":"2026-03-17T17:07:30","modified_gmt":"2026-03-17T17:07:30","slug":"nazar-set-de-4-porta-copos","status":"publish","type":"product","link":"https:\/\/silenthome.com\/es\/producto\/nazar-set-de-4-porta-copos\/","title":{"rendered":"Nazar, Juego de 4 portavasos de cuentas"},"content":{"rendered":"","protected":false},"excerpt":{"rendered":"<p>A\u00f1adir un <strong>toque especial<\/strong> a tu mesa con el set Nazar, que incluye 4 posavasos hechos a mano con delicadas cuentas de cristal. Inspirado en el famoso ojo turco, s\u00edmbolo de protecci\u00f3n y energ\u00edas positivas, este producto une <strong>dise\u00f1o vibrante<\/strong>, <strong>tradici\u00f3n<\/strong> e <strong>practicidad<\/strong>. Los alegres colores y la textura \u00fanica de las cuentas garantizan la exclusividad de cada pieza. Adem\u00e1s de proteger sus superficies contra las manchas y el calor, el juego Nazar aporta m\u00e1s <strong>estilo<\/strong> a tu decoraci\u00f3n, ya sea en mesas de comedor, de centro o aparadores. Es perfecto tanto como regalo como centro de mesa.<strong> toque de belleza<\/strong> y sentido a los peque\u00f1os momentos de la vida cotidiana.<\/p>","protected":false},"featured_media":8337,"comment_status":"open","ping_status":"closed","template":"","meta":{"_acf_changed":false},"product_brand":[],"product_cat":[74],"product_tag":[],"class_list":{"0":"post-8279","1":"product","2":"type-product","3":"status-publish","4":"has-post-thumbnail","6":"product_cat-objectos-decorativos","8":"first","9":"instock","10":"taxable","11":"shipping-taxable","12":"purchasable","13":"product-type-simple"},"acf":[],"aioseo_notices":[],"_links":{"self":[{"href":"https:\/\/silenthome.com\/es\/wp-json\/wp\/v2\/product\/8279","targetHints":{"allow":["GET"]}}],"collection":[{"href":"https:\/\/silenthome.com\/es\/wp-json\/wp\/v2\/product"}],"about":[{"href":"https:\/\/silenthome.com\/es\/wp-json\/wp\/v2\/types\/product"}],"replies":[{"embeddable":true,"href":"https:\/\/silenthome.com\/es\/wp-json\/wp\/v2\/comments?post=8279"}],"wp:featuredmedia":[{"embeddable":true,"href":"https:\/\/silenthome.com\/es\/wp-json\/wp\/v2\/media\/8337"}],"wp:attachment":[{"href":"https:\/\/silenthome.com\/es\/wp-json\/wp\/v2\/media?parent=8279"}],"wp:term":[{"taxonomy":"product_brand","embeddable":true,"href":"https:\/\/silenthome.com\/es\/wp-json\/wp\/v2\/product_brand?post=8279"},{"taxonomy":"product_cat","embeddable":true,"href":"https:\/\/silenthome.com\/es\/wp-json\/wp\/v2\/product_cat?post=8279"},{"taxonomy":"product_tag","embeddable":true,"href":"https:\/\/silenthome.com\/es\/wp-json\/wp\/v2\/product_tag?post=8279"}],"curies":[{"name":"wp","href":"https:\/\/api.w.org\/{rel}","templated":true}]}}