{"id":8263,"date":"2025-04-22T17:42:37","date_gmt":"2025-04-22T16:42:37","guid":{"rendered":"https:\/\/silenthome.com\/produto\/graphic-jarra-amarela-em-metal-rugoso\/"},"modified":"2025-09-25T15:48:44","modified_gmt":"2025-09-25T14:48:44","slug":"graphic-jarra-amarela-em-metal-rugoso","status":"publish","type":"product","link":"https:\/\/silenthome.com\/es\/producto\/graphic-jarra-amarela-em-metal-rugoso\/","title":{"rendered":"Jarr\u00f3n gr\u00e1fico amarillo de metal en bruto"},"content":{"rendered":"","protected":false},"excerpt":{"rendered":"<p><strong>Colecci\u00f3n Funkie:<\/strong> Este jarr\u00f3n es ideal para utilizarlo como jarr\u00f3n decorativo o como centro de mesa en <strong>entornos modernos<\/strong> e <strong>minimalista<\/strong>a\u00f1adiendo un <strong>vibrante toque de color<\/strong> e<strong> textura<\/strong>. Su acabado rugoso le confiere un encanto industrial que destaca en diferentes estilos de decoraci\u00f3n.<\/p>","protected":false},"featured_media":8349,"comment_status":"open","ping_status":"closed","template":"","meta":{"_acf_changed":false},"product_brand":[],"product_cat":[83],"product_tag":[],"class_list":{"0":"post-8263","1":"product","2":"type-product","3":"status-publish","4":"has-post-thumbnail","6":"product_cat-jarras","8":"first","9":"instock","10":"taxable","11":"shipping-taxable","12":"purchasable","13":"product-type-simple"},"acf":[],"aioseo_notices":[],"_links":{"self":[{"href":"https:\/\/silenthome.com\/es\/wp-json\/wp\/v2\/product\/8263","targetHints":{"allow":["GET"]}}],"collection":[{"href":"https:\/\/silenthome.com\/es\/wp-json\/wp\/v2\/product"}],"about":[{"href":"https:\/\/silenthome.com\/es\/wp-json\/wp\/v2\/types\/product"}],"replies":[{"embeddable":true,"href":"https:\/\/silenthome.com\/es\/wp-json\/wp\/v2\/comments?post=8263"}],"wp:featuredmedia":[{"embeddable":true,"href":"https:\/\/silenthome.com\/es\/wp-json\/wp\/v2\/media\/8349"}],"wp:attachment":[{"href":"https:\/\/silenthome.com\/es\/wp-json\/wp\/v2\/media?parent=8263"}],"wp:term":[{"taxonomy":"product_brand","embeddable":true,"href":"https:\/\/silenthome.com\/es\/wp-json\/wp\/v2\/product_brand?post=8263"},{"taxonomy":"product_cat","embeddable":true,"href":"https:\/\/silenthome.com\/es\/wp-json\/wp\/v2\/product_cat?post=8263"},{"taxonomy":"product_tag","embeddable":true,"href":"https:\/\/silenthome.com\/es\/wp-json\/wp\/v2\/product_tag?post=8263"}],"curies":[{"name":"wp","href":"https:\/\/api.w.org\/{rel}","templated":true}]}}