{"id":8160,"date":"2025-04-07T16:05:28","date_gmt":"2025-04-07T15:05:28","guid":{"rendered":"https:\/\/silenthome.com\/produto\/jarra-vidro-lesfleurs-grand-lavanda\/"},"modified":"2025-06-12T17:15:10","modified_gmt":"2025-06-12T16:15:10","slug":"jarra-vidro-lesfleurs-grand-lavanda","status":"publish","type":"product","link":"https:\/\/silenthome.com\/es\/producto\/jarra-vidro-lesfleurs-grand-lavanda\/","title":{"rendered":"LesFleurs , Gran jarr\u00f3n de cristal Lavanda"},"content":{"rendered":"","protected":false},"excerpt":{"rendered":"<p>Este jarr\u00f3n es ideal para utilizarlo como jarr\u00f3n decorativo o como centro de mesa en ambientes modernos y delicados, a\u00f1adiendo un toque especial a su hogar. <strong>suave toque de color<\/strong> e <strong>elegancia<\/strong>. Es de vidrio resistente y tiene un <strong>acabado detallado<\/strong>con la textura de flores de lavanda impresa en el cuerpo de la pieza.<\/p>","protected":false},"featured_media":8950,"comment_status":"open","ping_status":"closed","template":"","meta":{"_acf_changed":false},"product_brand":[],"product_cat":[126,83],"product_tag":[],"class_list":{"0":"post-8160","1":"product","2":"type-product","3":"status-publish","4":"has-post-thumbnail","6":"product_cat-copos-e-jarros","7":"product_cat-jarras","9":"first","10":"instock","11":"taxable","12":"shipping-taxable","13":"purchasable","14":"product-type-simple"},"acf":[],"aioseo_notices":[],"_links":{"self":[{"href":"https:\/\/silenthome.com\/es\/wp-json\/wp\/v2\/product\/8160","targetHints":{"allow":["GET"]}}],"collection":[{"href":"https:\/\/silenthome.com\/es\/wp-json\/wp\/v2\/product"}],"about":[{"href":"https:\/\/silenthome.com\/es\/wp-json\/wp\/v2\/types\/product"}],"replies":[{"embeddable":true,"href":"https:\/\/silenthome.com\/es\/wp-json\/wp\/v2\/comments?post=8160"}],"wp:featuredmedia":[{"embeddable":true,"href":"https:\/\/silenthome.com\/es\/wp-json\/wp\/v2\/media\/8950"}],"wp:attachment":[{"href":"https:\/\/silenthome.com\/es\/wp-json\/wp\/v2\/media?parent=8160"}],"wp:term":[{"taxonomy":"product_brand","embeddable":true,"href":"https:\/\/silenthome.com\/es\/wp-json\/wp\/v2\/product_brand?post=8160"},{"taxonomy":"product_cat","embeddable":true,"href":"https:\/\/silenthome.com\/es\/wp-json\/wp\/v2\/product_cat?post=8160"},{"taxonomy":"product_tag","embeddable":true,"href":"https:\/\/silenthome.com\/es\/wp-json\/wp\/v2\/product_tag?post=8160"}],"curies":[{"name":"wp","href":"https:\/\/api.w.org\/{rel}","templated":true}]}}