{"id":816,"date":"2024-04-16T10:46:53","date_gmt":"2024-04-16T09:46:53","guid":{"rendered":"https:\/\/silenthome.com\/produto\/perfume-verbena-di-sicilia-100-ml\/"},"modified":"2026-02-03T18:08:12","modified_gmt":"2026-02-03T18:08:12","slug":"perfume-verbena-di-sicilia-100-ml","status":"publish","type":"product","link":"https:\/\/silenthome.com\/es\/producto\/perfume-verbena-di-sicilia-100-ml\/","title":{"rendered":"Perfume Verbena Di Sicilia 100 ml Cereria Moll\u00e1 1899"},"content":{"rendered":"<p>Una combinaci\u00f3n de saber hacer artesanal desde 1899 y materias primas de alta calidad hacen que los productos CERERIA MOLL\u00c1 sean equilibrados y ecol\u00f3gicos, exhalando las fragancias cuidadosamente seleccionadas por los maestros perfumistas.<\/p>\n<p><strong>Pir\u00e1mide olfativa:<\/strong><\/p>\n<p>Notas de Salida: Citrus, Fresh, Litsea<br \/>\nNotas Corporales: Lim\u00f3n, Citronela, Eucalipto, Naranja<br \/>\nNotas de Fondo: Floral<\/p>","protected":false},"excerpt":{"rendered":"<p>Perfume <strong>100 ml<\/strong>spray, para el hogar y bruma corporal, en la fragancia <strong>Verbena siciliana<\/strong>. Esta agradable esencia nos invade con el mar, el sol y un suave <strong>Brisa costera siciliana<\/strong>. Es un aroma <strong>fresco<\/strong> e <strong>luz<\/strong> que recuerda los momentos pasados al aire libre en los calurosos d\u00edas de verano.<\/p>","protected":false},"featured_media":711,"comment_status":"open","ping_status":"closed","template":"","meta":{"_acf_changed":false},"product_brand":[],"product_cat":[52,56],"product_tag":[],"class_list":{"0":"post-816","1":"product","2":"type-product","3":"status-publish","4":"has-post-thumbnail","6":"product_cat-fragrancias","7":"product_cat-perfumes","9":"first","10":"instock","11":"taxable","12":"shipping-taxable","13":"purchasable","14":"product-type-simple"},"acf":[],"aioseo_notices":[],"_links":{"self":[{"href":"https:\/\/silenthome.com\/es\/wp-json\/wp\/v2\/product\/816","targetHints":{"allow":["GET"]}}],"collection":[{"href":"https:\/\/silenthome.com\/es\/wp-json\/wp\/v2\/product"}],"about":[{"href":"https:\/\/silenthome.com\/es\/wp-json\/wp\/v2\/types\/product"}],"replies":[{"embeddable":true,"href":"https:\/\/silenthome.com\/es\/wp-json\/wp\/v2\/comments?post=816"}],"wp:featuredmedia":[{"embeddable":true,"href":"https:\/\/silenthome.com\/es\/wp-json\/wp\/v2\/media\/711"}],"wp:attachment":[{"href":"https:\/\/silenthome.com\/es\/wp-json\/wp\/v2\/media?parent=816"}],"wp:term":[{"taxonomy":"product_brand","embeddable":true,"href":"https:\/\/silenthome.com\/es\/wp-json\/wp\/v2\/product_brand?post=816"},{"taxonomy":"product_cat","embeddable":true,"href":"https:\/\/silenthome.com\/es\/wp-json\/wp\/v2\/product_cat?post=816"},{"taxonomy":"product_tag","embeddable":true,"href":"https:\/\/silenthome.com\/es\/wp-json\/wp\/v2\/product_tag?post=816"}],"curies":[{"name":"wp","href":"https:\/\/api.w.org\/{rel}","templated":true}]}}