{"id":8159,"date":"2025-04-07T16:05:27","date_gmt":"2025-04-07T15:05:27","guid":{"rendered":"https:\/\/silenthome.com\/produto\/jarra-vidro-lesfleurs-grand-malmequer-branco\/"},"modified":"2026-05-04T16:57:28","modified_gmt":"2026-05-04T15:57:28","slug":"jarra-vidro-lesfleurs-grand-malmequer-branco","status":"publish","type":"product","link":"https:\/\/silenthome.com\/es\/producto\/jarra-vidro-lesfleurs-grand-malmequer-branco\/","title":{"rendered":"LesFleurs, Grand Malmequer Jarr\u00f3n de cristal Blanco"},"content":{"rendered":"","protected":false},"excerpt":{"rendered":"<p>Este jarr\u00f3n es ideal para utilizarlo como jarr\u00f3n decorativo o como centro de mesa en ambientes modernos y delicados, a\u00f1adiendo un toque especial a su hogar. <strong>suave toque de color<\/strong> e <strong>elegancia<\/strong>. Fabricado en vidrio resistente, tiene un <strong>acabado detallado<\/strong>con la textura de flores blancas de cal\u00e9ndula impresas en el cuerpo de la pieza.<\/p>","protected":false},"featured_media":8956,"comment_status":"open","ping_status":"closed","template":"","meta":{"_acf_changed":false},"product_brand":[],"product_cat":[126,83],"product_tag":[],"class_list":{"0":"post-8159","1":"product","2":"type-product","3":"status-publish","4":"has-post-thumbnail","6":"product_cat-copos-e-jarros","7":"product_cat-jarras","9":"first","10":"instock","11":"taxable","12":"shipping-taxable","13":"purchasable","14":"product-type-simple"},"acf":[],"aioseo_notices":[],"_links":{"self":[{"href":"https:\/\/silenthome.com\/es\/wp-json\/wp\/v2\/product\/8159","targetHints":{"allow":["GET"]}}],"collection":[{"href":"https:\/\/silenthome.com\/es\/wp-json\/wp\/v2\/product"}],"about":[{"href":"https:\/\/silenthome.com\/es\/wp-json\/wp\/v2\/types\/product"}],"replies":[{"embeddable":true,"href":"https:\/\/silenthome.com\/es\/wp-json\/wp\/v2\/comments?post=8159"}],"wp:featuredmedia":[{"embeddable":true,"href":"https:\/\/silenthome.com\/es\/wp-json\/wp\/v2\/media\/8956"}],"wp:attachment":[{"href":"https:\/\/silenthome.com\/es\/wp-json\/wp\/v2\/media?parent=8159"}],"wp:term":[{"taxonomy":"product_brand","embeddable":true,"href":"https:\/\/silenthome.com\/es\/wp-json\/wp\/v2\/product_brand?post=8159"},{"taxonomy":"product_cat","embeddable":true,"href":"https:\/\/silenthome.com\/es\/wp-json\/wp\/v2\/product_cat?post=8159"},{"taxonomy":"product_tag","embeddable":true,"href":"https:\/\/silenthome.com\/es\/wp-json\/wp\/v2\/product_tag?post=8159"}],"curies":[{"name":"wp","href":"https:\/\/api.w.org\/{rel}","templated":true}]}}