{"id":8155,"date":"2025-04-07T16:05:26","date_gmt":"2025-04-07T15:05:26","guid":{"rendered":"https:\/\/silenthome.com\/produto\/bebedouro-para-passaros-decorativo\/"},"modified":"2026-03-07T18:38:39","modified_gmt":"2026-03-07T18:38:39","slug":"bebedouro-para-passaros-decorativo","status":"publish","type":"product","link":"https:\/\/silenthome.com\/es\/producto\/bebedouro-para-passaros-decorativo\/","title":{"rendered":"Bebedero decorativo para p\u00e1jaros"},"content":{"rendered":"","protected":false},"excerpt":{"rendered":"<p>Invite a la naturaleza a su jard\u00edn, balc\u00f3n o terraza con este encantador comedero decorativo para p\u00e1jaros. Con un <strong>dise\u00f1o delicado<\/strong> y funcional, esta pieza se convierte en un sereno punto focal y <strong>po\u00e9tico<\/strong> en tu decoraci\u00f3n. Fabricado con materiales resistentes y<strong> acabado cuidadoso<\/strong>combina belleza y utilidad, recreando el refugio de los peque\u00f1os visitantes alados. Esta pieza ofrece un gesto de bienvenida a la naturaleza y un momento de contemplaci\u00f3n para usted.<\/p>","protected":false},"featured_media":8943,"comment_status":"open","ping_status":"closed","template":"","meta":{"_acf_changed":false},"product_brand":[],"product_cat":[74],"product_tag":[],"class_list":{"0":"post-8155","1":"product","2":"type-product","3":"status-publish","4":"has-post-thumbnail","6":"product_cat-objectos-decorativos","8":"first","9":"instock","10":"taxable","11":"shipping-taxable","12":"purchasable","13":"product-type-simple"},"acf":[],"aioseo_notices":[],"_links":{"self":[{"href":"https:\/\/silenthome.com\/es\/wp-json\/wp\/v2\/product\/8155","targetHints":{"allow":["GET"]}}],"collection":[{"href":"https:\/\/silenthome.com\/es\/wp-json\/wp\/v2\/product"}],"about":[{"href":"https:\/\/silenthome.com\/es\/wp-json\/wp\/v2\/types\/product"}],"replies":[{"embeddable":true,"href":"https:\/\/silenthome.com\/es\/wp-json\/wp\/v2\/comments?post=8155"}],"wp:featuredmedia":[{"embeddable":true,"href":"https:\/\/silenthome.com\/es\/wp-json\/wp\/v2\/media\/8943"}],"wp:attachment":[{"href":"https:\/\/silenthome.com\/es\/wp-json\/wp\/v2\/media?parent=8155"}],"wp:term":[{"taxonomy":"product_brand","embeddable":true,"href":"https:\/\/silenthome.com\/es\/wp-json\/wp\/v2\/product_brand?post=8155"},{"taxonomy":"product_cat","embeddable":true,"href":"https:\/\/silenthome.com\/es\/wp-json\/wp\/v2\/product_cat?post=8155"},{"taxonomy":"product_tag","embeddable":true,"href":"https:\/\/silenthome.com\/es\/wp-json\/wp\/v2\/product_tag?post=8155"}],"curies":[{"name":"wp","href":"https:\/\/api.w.org\/{rel}","templated":true}]}}