{"id":814,"date":"2024-04-16T10:46:49","date_gmt":"2024-04-16T09:46:49","guid":{"rendered":"https:\/\/silenthome.com\/produto\/difusor-santal-tonka-3000-ml\/"},"modified":"2026-04-16T15:07:51","modified_gmt":"2026-04-16T14:07:51","slug":"difusor-santal-tonka-3000-ml","status":"publish","type":"product","link":"https:\/\/silenthome.com\/es\/producto\/difusor-santal-tonka-3000-ml\/","title":{"rendered":"Difusor Santal &amp; Tonka 3000 ml Cereria Moll\u00e1 1899"},"content":{"rendered":"<p>Una combinaci\u00f3n de saber hacer artesanal desde 1899 y materias primas de alta calidad hacen que los productos CERERIA MOLL\u00c1 sean equilibrados y ecol\u00f3gicos, exhalando las fragancias cuidadosamente seleccionadas por los maestros perfumistas.<\/p>\n<p><strong>Pir\u00e1mide olfativa:<\/strong><\/p>\n<p>Notas de salida: ra\u00edz de lirio, cardamomo, eucalipto fresco<br \/>\nNotas de cuerpo: cedro, leche condensada, \u00e1mbar blanco<br \/>\nNotas de Fondo: Almizcle, Tonka, S\u00e1ndalo Blanco<\/p>","protected":false},"excerpt":{"rendered":"<p>Difusor ambientador <strong>3000 ml<\/strong>en el aroma <strong>Santal y Tonka<\/strong>. Una fragancia que te lleva de viaje <strong>profundo y m\u00edstico<\/strong>que, a trav\u00e9s de su <strong>base le\u00f1osa<\/strong>Enriquece el entorno y despierta los sentidos de quienes te rodean.<\/p>","protected":false},"featured_media":707,"comment_status":"open","ping_status":"closed","template":"","meta":{"_acf_changed":false},"product_brand":[],"product_cat":[54,52],"product_tag":[],"class_list":{"0":"post-814","1":"product","2":"type-product","3":"status-publish","4":"has-post-thumbnail","6":"product_cat-difusores","7":"product_cat-fragrancias","9":"first","10":"instock","11":"taxable","12":"shipping-taxable","13":"purchasable","14":"product-type-simple"},"acf":[],"aioseo_notices":[],"_links":{"self":[{"href":"https:\/\/silenthome.com\/es\/wp-json\/wp\/v2\/product\/814","targetHints":{"allow":["GET"]}}],"collection":[{"href":"https:\/\/silenthome.com\/es\/wp-json\/wp\/v2\/product"}],"about":[{"href":"https:\/\/silenthome.com\/es\/wp-json\/wp\/v2\/types\/product"}],"replies":[{"embeddable":true,"href":"https:\/\/silenthome.com\/es\/wp-json\/wp\/v2\/comments?post=814"}],"wp:featuredmedia":[{"embeddable":true,"href":"https:\/\/silenthome.com\/es\/wp-json\/wp\/v2\/media\/707"}],"wp:attachment":[{"href":"https:\/\/silenthome.com\/es\/wp-json\/wp\/v2\/media?parent=814"}],"wp:term":[{"taxonomy":"product_brand","embeddable":true,"href":"https:\/\/silenthome.com\/es\/wp-json\/wp\/v2\/product_brand?post=814"},{"taxonomy":"product_cat","embeddable":true,"href":"https:\/\/silenthome.com\/es\/wp-json\/wp\/v2\/product_cat?post=814"},{"taxonomy":"product_tag","embeddable":true,"href":"https:\/\/silenthome.com\/es\/wp-json\/wp\/v2\/product_tag?post=814"}],"curies":[{"name":"wp","href":"https:\/\/api.w.org\/{rel}","templated":true}]}}