{"id":811,"date":"2024-04-16T10:46:42","date_gmt":"2024-04-16T09:46:42","guid":{"rendered":"https:\/\/silenthome.com\/produto\/difusor-black-orchid-lily-3000-ml\/"},"modified":"2026-02-03T18:09:16","modified_gmt":"2026-02-03T18:09:16","slug":"difusor-black-orchid-lily-3000-ml","status":"publish","type":"product","link":"https:\/\/silenthome.com\/es\/producto\/difusor-black-orchid-lily-3000-ml\/","title":{"rendered":"Difusor Orqu\u00eddea Negra y Lirio 3000 ml Cereria Moll\u00e1 1899"},"content":{"rendered":"<p>Una combinaci\u00f3n de saber hacer artesanal desde 1899 y materias primas de alta calidad hacen que los productos CERERIA MOLL\u00c1 sean equilibrados y ecol\u00f3gicos, exhalando las fragancias cuidadosamente seleccionadas por los maestros perfumistas.<\/p>\n<p><strong>Pir\u00e1mide olfativa:<\/strong><\/p>\n<p>Notas de salida: notas verdes, anaranjadas, afrutadas y especiadas<br \/>\nNotas de cuerpo: melocot\u00f3n, lim\u00f3n, nuez moscada y jazm\u00edn<br \/>\nNotas de fondo: notas amaderadas, cedro, almizcle<\/p>","protected":false},"excerpt":{"rendered":"<p>Difusor ambientador <strong>3000 ml<\/strong>en el aroma <strong>Orqu\u00eddea negra y lirio<\/strong>un perfume que nos transporta al principio de la <strong>primavera<\/strong>. La combinaci\u00f3n perfecta de <strong>flores<\/strong> que envuelven cualquier habitaci\u00f3n con un aroma lleno de <strong>ligereza<\/strong> e <strong>alegr\u00eda<\/strong>.<\/p>","protected":false},"featured_media":701,"comment_status":"open","ping_status":"closed","template":"","meta":{"_acf_changed":false},"product_brand":[],"product_cat":[54,52],"product_tag":[],"class_list":{"0":"post-811","1":"product","2":"type-product","3":"status-publish","4":"has-post-thumbnail","6":"product_cat-difusores","7":"product_cat-fragrancias","9":"first","10":"instock","11":"taxable","12":"shipping-taxable","13":"purchasable","14":"product-type-simple"},"acf":[],"aioseo_notices":[],"_links":{"self":[{"href":"https:\/\/silenthome.com\/es\/wp-json\/wp\/v2\/product\/811","targetHints":{"allow":["GET"]}}],"collection":[{"href":"https:\/\/silenthome.com\/es\/wp-json\/wp\/v2\/product"}],"about":[{"href":"https:\/\/silenthome.com\/es\/wp-json\/wp\/v2\/types\/product"}],"replies":[{"embeddable":true,"href":"https:\/\/silenthome.com\/es\/wp-json\/wp\/v2\/comments?post=811"}],"wp:featuredmedia":[{"embeddable":true,"href":"https:\/\/silenthome.com\/es\/wp-json\/wp\/v2\/media\/701"}],"wp:attachment":[{"href":"https:\/\/silenthome.com\/es\/wp-json\/wp\/v2\/media?parent=811"}],"wp:term":[{"taxonomy":"product_brand","embeddable":true,"href":"https:\/\/silenthome.com\/es\/wp-json\/wp\/v2\/product_brand?post=811"},{"taxonomy":"product_cat","embeddable":true,"href":"https:\/\/silenthome.com\/es\/wp-json\/wp\/v2\/product_cat?post=811"},{"taxonomy":"product_tag","embeddable":true,"href":"https:\/\/silenthome.com\/es\/wp-json\/wp\/v2\/product_tag?post=811"}],"curies":[{"name":"wp","href":"https:\/\/api.w.org\/{rel}","templated":true}]}}